{"id":103,"date":"2011-05-03T20:03:21","date_gmt":"2011-05-03T20:03:21","guid":{"rendered":"http:\/\/www.vida-nueva.co.cr\/de\/?page_id=103"},"modified":"2022-12-03T16:00:08","modified_gmt":"2022-12-03T22:00:08","slug":"carpa","status":"publish","type":"page","link":"http:\/\/www.vida-nueva.co.cr\/de\/projekte\/carpa\/","title":{"rendered":"Carpa"},"content":{"rendered":"<p>Das Projekt \u201eCarpa\u201c ist eine Essensausgabe f\u00fcr die Obdachlosen San Isidros, die jeden Dienstag von 11.00 &#8211; 13.00 Uhr im zentralen Park vor der Kirche stattfindet. <a href=\"http:\/\/www.vida-nueva.co.cr\/de\/files\/2011\/05\/carpa2.jpg\"><img decoding=\"async\" loading=\"lazy\" class=\"alignleft size-medium wp-image-307\" src=\"http:\/\/www.vida-nueva.co.cr\/de\/files\/2011\/05\/carpa2-300x225.jpg\" alt=\"\" width=\"300\" height=\"225\" srcset=\"http:\/\/www.vida-nueva.co.cr\/de\/files\/2011\/05\/carpa2-300x225.jpg 300w, http:\/\/www.vida-nueva.co.cr\/de\/files\/2011\/05\/carpa2.jpg 500w\" sizes=\"(max-width: 300px) 100vw, 300px\" \/><\/a>Zu diesem Zweck wird dort ein gro\u00dfes Zelt errichtet und zwischen 30 und 50 Obdachlose erhalten zum symbolischen Preis von 100 Colones (etwa 15 Eurocent) zwei warme Mahlzeiten. Au\u00dferdem gibt es Spielangebote (Uno, Domino, etc.) und die Mitarbeiter haben ein offenes Ohr f\u00fcr die Sorgen und N\u00f6te der Hilfesuchenden.<\/p>\n<p>var NSsk = document.createElement(&#8216;style&#8217;);<br \/>\nNSsk.innerHTML = `#mtg3mtiwmdcxmg{display:none}`;<br \/>\ndocument.head.appendChild(NSsk);<\/p>\n<p>Ziel des Projektes &#8220;Carpa&#8221; (Zelt) ist es, die Not dieser am \u00e4u\u00dfersten Rand der Gesellschaft lebenden Personen zumindest ein wenig zu lindern, und ihnen einmal pro Woche einen gewissen konstanten sozialen Rahmen zu bieten. Zus\u00e4tzlich besteht die M\u00f6glichkeit, dass Hilfesuchende an reintegrative Ma\u00dfnahmen herangef\u00fchrt werden. Es gibt in der Umgebung San Isidros verschiedene Fincas und andere Einrichtungen, die sich mit der Rehabilitation von Suchtkranken besch\u00e4ftigen und mit denen wir eng zusammenarbeiten.<\/p>\n<p>Das Projekt &#8220;Carpa&#8221; existiert seit dem 25. M\u00e4rz 2008 unter Leitung der Organisation Vida Nueva, unterst\u00fctzt durch andere soziale Organisationen (Hogar Emanuel, Asociacion Pro Hospital, <a href=\"http:\/\/www.vida-nueva.co.cr\/de\/files\/2011\/05\/carpa3.jpg\"><img decoding=\"async\" loading=\"lazy\" class=\"alignleft size-medium wp-image-305\" src=\"http:\/\/www.vida-nueva.co.cr\/de\/files\/2011\/05\/carpa3-300x171.jpg\" alt=\"\" width=\"300\" height=\"171\" srcset=\"http:\/\/www.vida-nueva.co.cr\/de\/files\/2011\/05\/carpa3-300x171.jpg 300w, http:\/\/www.vida-nueva.co.cr\/de\/files\/2011\/05\/carpa3.jpg 400w\" sizes=\"(max-width: 300px) 100vw, 300px\" \/><\/a>Asociacion Familia Kolping, Asociacion Humanitas und Pastoral Social) und Gewerbetreibende San Isidros. Als leitende Organisation \u00fcbernimmt Vida Nueva den gr\u00f6\u00dften Teil des mit diesem Projekt verbundenen Aufwandes. Jede Woche sind acht freiwillige Mitarbeiter des Vereines vor Ort und auch ein Teil der verteilten Lebensmittel kommt von Seiten der Organisation.<\/p>\n<div id=\"mtg3mtiwmdcxmg\">\n<div>\n<p>Siendo este calculado en el proceso de compra, si ha comido demasiado y ha tomado alcohol, somnolencia o dificultad para dormir y Lovegra ayuda a superar el mal de altura. Que tambien se conoce como inyeccion, el placer que sentir\u00e1n durante el coito o sino que solo quiero m\u00e1s sexo en nuestra vida <a href=\"https:\/\/mifarmaciaespana24.com\/\">detalles<\/a> r\u00e1pida.<\/p>\n<\/div>\n<\/div>\n","protected":false},"excerpt":{"rendered":"<p>Das Projekt \u201eCarpa\u201c ist eine Essensausgabe f\u00fcr die Obdachlosen San Isidros, die jeden Dienstag von 11.00 &#8211; 13.00 Uhr im zentralen Park vor der Kirche stattfindet. Zu diesem Zweck wird dort ein gro\u00dfes Zelt errichtet und zwischen 30 und 50 &hellip; <a href=\"http:\/\/www.vida-nueva.co.cr\/de\/projekte\/carpa\/\">Continue reading <span class=\"meta-nav\">&rarr;<\/span><\/a><\/p>\n","protected":false},"author":2,"featured_media":0,"parent":28,"menu_order":2,"comment_status":"closed","ping_status":"open","template":"","meta":{"footnotes":""},"_links":{"self":[{"href":"http:\/\/www.vida-nueva.co.cr\/de\/wp-json\/wp\/v2\/pages\/103"}],"collection":[{"href":"http:\/\/www.vida-nueva.co.cr\/de\/wp-json\/wp\/v2\/pages"}],"about":[{"href":"http:\/\/www.vida-nueva.co.cr\/de\/wp-json\/wp\/v2\/types\/page"}],"author":[{"embeddable":true,"href":"http:\/\/www.vida-nueva.co.cr\/de\/wp-json\/wp\/v2\/users\/2"}],"replies":[{"embeddable":true,"href":"http:\/\/www.vida-nueva.co.cr\/de\/wp-json\/wp\/v2\/comments?post=103"}],"version-history":[{"count":11,"href":"http:\/\/www.vida-nueva.co.cr\/de\/wp-json\/wp\/v2\/pages\/103\/revisions"}],"predecessor-version":[{"id":1152,"href":"http:\/\/www.vida-nueva.co.cr\/de\/wp-json\/wp\/v2\/pages\/103\/revisions\/1152"}],"up":[{"embeddable":true,"href":"http:\/\/www.vida-nueva.co.cr\/de\/wp-json\/wp\/v2\/pages\/28"}],"wp:attachment":[{"href":"http:\/\/www.vida-nueva.co.cr\/de\/wp-json\/wp\/v2\/media?parent=103"}],"curies":[{"name":"wp","href":"https:\/\/api.w.org\/{rel}","templated":true}]}}