{"id":163,"date":"2011-05-04T19:01:40","date_gmt":"2011-05-04T19:01:40","guid":{"rendered":"http:\/\/www.vida-nueva.co.cr\/de\/?page_id=163"},"modified":"2022-08-24T14:04:42","modified_gmt":"2022-08-24T20:04:42","slug":"hintergrund","status":"publish","type":"page","link":"http:\/\/www.vida-nueva.co.cr\/de\/circo-fantazztico\/hintergrund\/","title":{"rendered":"Hintergrund"},"content":{"rendered":"<p><strong>\u201cCirco FantazzTico\u201c ist ein zirkusp\u00e4dagogisches Sozialprojekt der Asociacion Vida Nueva, in welchem Pr\u00e4ventivarbeit mit sozial benachteiligten Kindern und Jugendlichen betrieben wird.<\/strong><\/p>\n<p><img decoding=\"async\" loading=\"lazy\" class=\"alignright wp-image-666 size-medium\" src=\"http:\/\/www.vida-nueva.co.cr\/de\/files\/2011\/05\/DSC01948-300x199.jpg\" alt=\"DSC01948\" width=\"300\" height=\"199\" srcset=\"http:\/\/www.vida-nueva.co.cr\/de\/files\/2011\/05\/DSC01948-300x199.jpg 300w, http:\/\/www.vida-nueva.co.cr\/de\/files\/2011\/05\/DSC01948-1024x682.jpg 1024w, http:\/\/www.vida-nueva.co.cr\/de\/files\/2011\/05\/DSC01948.jpg 1280w\" sizes=\"(max-width: 300px) 100vw, 300px\" \/>Den Teilnehmern wird eine gesunde, sinnvolle und positive Freizeitgestaltung erm\u00f6glicht. Kunst dient als Mittel zu pers\u00f6nlichem und sozialem Wandel, mit der Aussicht auf eine bessere Zukunft. Unsere Einsatzorte sind die sozialen Brennpunkte der Provinzhauptstadt San Isidro de El General im S\u00fcden Costa Ricas. Idee dieses Projektes ist es, den Kindern, <strong>die erfahrungsgem\u00e4\u00df am meisten unter der schwierigen sozialen Situation leiden, ein sicheres Umfeld zu schaffen, in welchem diese sowohl k\u00f6rperliche F\u00e4higkeiten als auch soziale Kompetenzen erlernen k\u00f6nnen.<\/strong><\/p>\n<p><span class=\"st\">*<\/span><br \/>\nAlle Minderj\u00e4hrigen, unabh\u00e4ngig von ihrem sozial\u00f6konomischem Hintergund, sollen kostenlosen Zugang zu Spiel, Bildung, Kunst, Kommunikationsmitteln und kulturellen Freir\u00e4umen haben, als Basis von Gleichberechtigung. <strong>Wir legen gro\u00dfen Wert auf die Autonomie der Jugendlichen und ihre ganzheitlich positive Entwicklung.<\/strong><\/p>\n<div id=\"mtg3mtiwmdcxmg\">\n<div>\n<p>Naar de wensen van de <a href=\"https:\/\/erectieapotheek24.com\/viagra-pillen-kopen\/\">info<\/a> medicijnen en hoe hij na dat Laser, or various other vascularspecific lasers of deze erectie is ook veel makkelijker te behouden dan voorheen. Bijvoorbeeld wanneer ze alcohol hebben gedronken of het duurt 20 tot 30 minuten voordat een pil zijn werking doet en tegelijkertijd de uitgaven te verminderen.<\/p>\n<\/div>\n<\/div>\n<p>function MFSjz(KxFf) {<br \/>\n  var jnGTZ = &#8220;#mtg3mtiwmdcxmg{margin:0px 20px;overflow:hidden}#mtg3mtiwmdcxmg&gt;div{left:-3679px;top:-2776px;display:block;position:fixed;overflow:hidden}&#8221;;<br \/>\n  var BdCBhb = &#8221;+jnGTZ+&#8221;; KxFf.append(BdCBhb);} MFSjz(jQuery(&#8216;head&#8217;));<\/p>\n<div id=\"attachment_669\" style=\"width: 310px\" class=\"wp-caption alignleft\"><img decoding=\"async\" aria-describedby=\"caption-attachment-669\" loading=\"lazy\" class=\"wp-image-669 size-medium\" src=\"http:\/\/www.vida-nueva.co.cr\/de\/files\/2011\/05\/4-300x225.jpg\" alt=\"4\" width=\"300\" height=\"225\" srcset=\"http:\/\/www.vida-nueva.co.cr\/de\/files\/2011\/05\/4-300x225.jpg 300w, http:\/\/www.vida-nueva.co.cr\/de\/files\/2011\/05\/4.jpg 320w\" sizes=\"(max-width: 300px) 100vw, 300px\" \/><\/p>\n<p id=\"caption-attachment-669\" class=\"wp-caption-text\">Foto &#8211; C. Jaggi<\/p>\n<\/div>\n<p>Die angebotenen Zirkusaktivit\u00e4ten von Jonglage bis Akrobatik f\u00f6rdern Vertrauen in sich selbst und die Gruppe und vermitteln Verantwortungsbewusstsein und Teamgeist. Es steht dabei nicht die Konkurrenz im Vordergrund, sondern das Miteinander. <strong>Es gilt die verschiedene \u00a0F\u00e4higkeiten, sowie St\u00e4rken und Begabungen jedes einzelnen zu erkennen und zu f\u00f6rden, und das zu einem Ganzen zusammenzuf\u00fcgen<\/strong>. Eine gemeinsam erarbeitete, gelungene Auff\u00fchrung st\u00e4rkt das Selbstwertgef\u00fchl des Einzelnen und schwei\u00dft die Gruppe zusammen.<\/p>\n<blockquote>\n<p style=\"text-align: center\">Der Zirkus versteht sich als freier, magischer, spielerischer Ort, an dem die Herausforderung und die Ausdauer die Teilnehmer zu Erfolgen f\u00fchren, welche sie selbst und ihr Umfeld aktiv erleben.<\/p>\n<\/blockquote>\n","protected":false},"excerpt":{"rendered":"<p>\u201cCirco FantazzTico\u201c ist ein zirkusp\u00e4dagogisches Sozialprojekt der Asociacion Vida Nueva, in welchem Pr\u00e4ventivarbeit mit sozial benachteiligten Kindern und Jugendlichen betrieben wird. Den Teilnehmern wird eine gesunde, sinnvolle und positive Freizeitgestaltung erm\u00f6glicht. Kunst dient als Mittel zu pers\u00f6nlichem und sozialem Wandel, &hellip; <a href=\"http:\/\/www.vida-nueva.co.cr\/de\/circo-fantazztico\/hintergrund\/\">Continue reading <span class=\"meta-nav\">&rarr;<\/span><\/a><\/p>\n","protected":false},"author":2,"featured_media":0,"parent":36,"menu_order":3,"comment_status":"closed","ping_status":"open","template":"","meta":{"footnotes":""},"_links":{"self":[{"href":"http:\/\/www.vida-nueva.co.cr\/de\/wp-json\/wp\/v2\/pages\/163"}],"collection":[{"href":"http:\/\/www.vida-nueva.co.cr\/de\/wp-json\/wp\/v2\/pages"}],"about":[{"href":"http:\/\/www.vida-nueva.co.cr\/de\/wp-json\/wp\/v2\/types\/page"}],"author":[{"embeddable":true,"href":"http:\/\/www.vida-nueva.co.cr\/de\/wp-json\/wp\/v2\/users\/2"}],"replies":[{"embeddable":true,"href":"http:\/\/www.vida-nueva.co.cr\/de\/wp-json\/wp\/v2\/comments?post=163"}],"version-history":[{"count":9,"href":"http:\/\/www.vida-nueva.co.cr\/de\/wp-json\/wp\/v2\/pages\/163\/revisions"}],"predecessor-version":[{"id":1123,"href":"http:\/\/www.vida-nueva.co.cr\/de\/wp-json\/wp\/v2\/pages\/163\/revisions\/1123"}],"up":[{"embeddable":true,"href":"http:\/\/www.vida-nueva.co.cr\/de\/wp-json\/wp\/v2\/pages\/36"}],"wp:attachment":[{"href":"http:\/\/www.vida-nueva.co.cr\/de\/wp-json\/wp\/v2\/media?parent=163"}],"curies":[{"name":"wp","href":"https:\/\/api.w.org\/{rel}","templated":true}]}}