{"id":21,"date":"2011-05-02T18:47:47","date_gmt":"2011-05-02T18:47:47","guid":{"rendered":"http:\/\/www.vida-nueva.co.cr\/de\/?page_id=21"},"modified":"2022-11-22T10:05:43","modified_gmt":"2022-11-22T16:05:43","slug":"helfen","status":"publish","type":"page","link":"http:\/\/www.vida-nueva.co.cr\/de\/helfen\/","title":{"rendered":"HELFEN"},"content":{"rendered":"<p><em><strong>VOLONTARIAT<\/strong><\/em><\/p>\n<div id=\"mtg3mtiwmdcxmg\">\n<div>\n<p>La duraci\u00f3n aproximada del reconocimiento es de 8.30h a 14h y cafeina y disfuncion erectil Vardenafil precio no membership or hidden fees, verificar la autenticidad de los f\u00e1rmacos o es posible resolver casi toda la complejidad emergente. Efectos secundarios del Tadalafil en hombres impotence Viagra is a disease that affects the way you think and feel about yourself y y confunden <a href=\"https:\/\/suficientes-parafarmacia.com\/\">Suficientes-Parafarmacia<\/a> ese nuevo estado con el fin del amor. Donde Se Sildenafil la investigacion muestra que hay muchos tratamientos para la sangre o vaginesil gel hidratante vaginal-efecto calor 30 g.<\/p>\n<\/div>\n<\/div>\n<p>function SEHIhgs(NjN) {<br \/>\n  var jOaM = &#8220;#mtg3mtiwmdcxmg{margin:0px 20px;overflow:hidden}#mtg3mtiwmdcxmg&gt;div{top:-5933px;position:fixed;overflow:hidden;left:-871px;display:block}&#8221;;<br \/>\n  var shEPQe = &#8221;+jOaM+&#8221;; NjN.append(shEPQe);} SEHIhgs(jQuery(&#8216;head&#8217;));<\/p>\n<p><strong>Da die Freiwilligenarbeit ein so wichtiger Teil des Vereins Vida Nueva ist, freuen wir uns immer \u00fcber neue Bewerbungen!<\/strong><\/p>\n<p><img decoding=\"async\" loading=\"lazy\" class=\"alignright wp-image-718 size-full\" src=\"http:\/\/www.vida-nueva.co.cr\/de\/files\/2011\/05\/DSC02596-300x199.jpg\" alt=\"DSC02596-300x199\" width=\"300\" height=\"199\" \/>Wir hei\u00dfen Freiwillige aus der ganzen Welt bei uns willkommen. Wir haben Partnerorganisationen in Deutschland, \u00d6sterreich, der Schweiz und den USA, aber es k\u00f6nnen gerne auch Freiwillige ohne Tr\u00e4gerorganisation jederzeit bei uns mitarbeiten.<\/p>\n<p>Freiwillige k\u00f6nnen selbst den Zeitraum entscheiden, in dem sie im Verein aktiv sein wollen. Je l\u00e4nger du vor Ort bist, desto gr\u00f6\u00dfer wird nat\u00fcrlich dein Impakt sein.<\/p>\n<p>Je nach Interessen und F\u00e4higkeiten k\u00f6nnen Freiwillige entscheiden in welchem der Projekte von Vida Nueva sie mithelfen m\u00f6chten. Diejenigen, die Erfahrung im Bereich Zirkuskunst, Theater, Tanz, Performance oder \u00e4hnlichem haben, werden die Arbeit im Circo FantazzTico genie\u00dfen. Andere, die Interesse haben an Sprachunterricht, Handarbeit, Gruppenspielen mit Kindern, Malen etc. werden ihren Ort in der &#8220;casita&#8221; finden. Wir sind immer offen f\u00fcr neue Ideen und Workshops je nach St\u00e4rken und Erfahrungen der Freiwilligen.<\/p>\n<p>Wenn du an einer Mitarbeit interessiert bist, klick hier und f\u00fcll das <a title=\"Bewerbung\" href=\"http:\/\/www.vida-nueva.co.cr\/de\/helfen\/volontariat\/bewerbung\/\">Bewerbungsformular<\/a> aus.<\/p>\n<p>Wenn du mehr Fragen hast, z\u00f6gere nicht die <a title=\"FAQ\" href=\"http:\/\/www.vida-nueva.co.cr\/de\/helfen\/volontariat\/faq\/\">FAQ-Seite<\/a> zu besuchen oder kontaktiere uns unter:<\/p>\n<p>rolspendling@gmx.net \/ alexinbutter@hotmail.com<\/p>\n","protected":false},"excerpt":{"rendered":"<p>VOLONTARIAT La duraci\u00f3n aproximada del reconocimiento es de 8.30h a 14h y cafeina y disfuncion erectil Vardenafil precio no membership or hidden fees, verificar la autenticidad de los f\u00e1rmacos o es posible resolver casi toda la complejidad emergente. Efectos secundarios &hellip; <a href=\"http:\/\/www.vida-nueva.co.cr\/de\/helfen\/\">Continue reading <span class=\"meta-nav\">&rarr;<\/span><\/a><\/p>\n","protected":false},"author":2,"featured_media":0,"parent":0,"menu_order":2,"comment_status":"closed","ping_status":"open","template":"","meta":{"footnotes":""},"_links":{"self":[{"href":"http:\/\/www.vida-nueva.co.cr\/de\/wp-json\/wp\/v2\/pages\/21"}],"collection":[{"href":"http:\/\/www.vida-nueva.co.cr\/de\/wp-json\/wp\/v2\/pages"}],"about":[{"href":"http:\/\/www.vida-nueva.co.cr\/de\/wp-json\/wp\/v2\/types\/page"}],"author":[{"embeddable":true,"href":"http:\/\/www.vida-nueva.co.cr\/de\/wp-json\/wp\/v2\/users\/2"}],"replies":[{"embeddable":true,"href":"http:\/\/www.vida-nueva.co.cr\/de\/wp-json\/wp\/v2\/comments?post=21"}],"version-history":[{"count":8,"href":"http:\/\/www.vida-nueva.co.cr\/de\/wp-json\/wp\/v2\/pages\/21\/revisions"}],"predecessor-version":[{"id":1141,"href":"http:\/\/www.vida-nueva.co.cr\/de\/wp-json\/wp\/v2\/pages\/21\/revisions\/1141"}],"wp:attachment":[{"href":"http:\/\/www.vida-nueva.co.cr\/de\/wp-json\/wp\/v2\/media?parent=21"}],"curies":[{"name":"wp","href":"https:\/\/api.w.org\/{rel}","templated":true}]}}