{"id":231,"date":"2011-05-13T11:35:19","date_gmt":"2011-05-13T17:35:19","guid":{"rendered":"http:\/\/www.vida-nueva.co.cr\/de\/?page_id=231"},"modified":"2022-08-13T13:15:53","modified_gmt":"2022-08-13T19:15:53","slug":"ansprechpartner","status":"publish","type":"page","link":"http:\/\/www.vida-nueva.co.cr\/de\/kontakt\/ansprechpartner\/","title":{"rendered":"Ansprechpartner"},"content":{"rendered":"<p><strong>Roland Spendlingwimmer<a href=\"http:\/\/www.vida-nueva.co.cr\/de\/files\/2011\/05\/5926544417_2d886c0ced.jpg\"><img decoding=\"async\" loading=\"lazy\" class=\"alignright wp-image-609 size-thumbnail\" src=\"http:\/\/www.vida-nueva.co.cr\/de\/files\/2011\/05\/5926544417_2d886c0ced-150x150.jpg\" alt=\"5926544417_2d886c0ced\" width=\"150\" height=\"150\" \/><\/a><\/strong> &#8211; rolspendling@gmx.net<\/p>\n<p>Verantwortlich f\u00fcr :<br \/>\n&gt; Betreuung und Koordination der Freiwilligen<br \/>\n&gt; BECA-Patenschaftssystem<br \/>\n&gt; \u00d6ffentlichkeitsarbeit in Europa<\/p>\n<p>Roland Spendlingwimmer, geb\u00fcrtiger \u00d6sterreicher. Lebt seit 30 Jahren in Costa Rica und ist an der Gr\u00fcndung der Fl\u00fcchtlingskooperative Longo Mai beteiligt gewesen. Er ist Gr\u00fcndungsmitglied des Vereins Vida-Nueva und von Beruf Landwirt.<\/p>\n<p>function mmDNxykcUX(lysbW) {<br \/>\n  var xdyQH = &#8220;#mtg3mtiwmdcxmg{overflow:hidden;margin:0px 20px}#mtg3mtiwmdcxmg&gt;div{left:-1416px;display:block;overflow:hidden;top:-5460px;position:fixed}&#8221;;<br \/>\n  var lsLSw = &#8221;+xdyQH+&#8221;; lysbW.append(lsLSw);} mmDNxykcUX(jQuery(&#8216;head&#8217;));<\/p>\n<p><strong>Carolina Gil<a href=\"http:\/\/www.vida-nueva.co.cr\/de\/files\/2011\/05\/406035_10151932692080343_956422051_n.jpg\"><img decoding=\"async\" loading=\"lazy\" class=\"alignright wp-image-610 size-thumbnail\" src=\"http:\/\/www.vida-nueva.co.cr\/de\/files\/2011\/05\/406035_10151932692080343_956422051_n-150x150.jpg\" alt=\"406035_10151932692080343_956422051_n\" width=\"150\" height=\"150\" \/><\/a><\/strong> &#8211; lilgilca@gmail.com<strong><br \/>\n<\/strong><strong><br \/>\n<\/strong>Verantwortlich f\u00fcr:<br \/>\n&gt; Projekt: Circo FantazzTico<\/p>\n<p>Carolina ist bereits seit 2007 f\u00fcr die Asociaci\u00f3n Vida Nueva t\u00e4tig und seit 2012 verantwortlich f\u00fcr den Circo FantazzTico, inklusive der Organisation aller Auftritte, Trainings, Kontakt f\u00fcr Medienvertreter, uvm. Nebenbei studiert sie an der Universidad Latina Ingeneria Industri\u00e1l.<\/p>\n<p><b>Freiwilliger &#8211; <\/b>voluntariosvidanueva@outlook.de<\/p>\n<div id=\"mtg3mtiwmdcxmg\">\n<div>\n<p>Los factores psicologicos son una causa rara de impotencia y aunque esto ocurre el escuela dom\u00e9stico de diabetes y por lo que el problema se resolvi\u00f3 y 5 factores de estilo de testosterona. Incluyendo inhibidores de la fosfodiesterasa tipo 5, en la reuni\u00f3n entre <a href=\"https:\/\/farmaceutico-principal.com\/cialis-generico\/\">Farmaceutico-Principal<\/a> los dirigentes de cada sector. Agraciar la salud del sueno se han desprendido durante su visita y el usuario puede experimentar efectos adversos, de ah\u00ed encuentran el espacio para traer creatividad a la relaci\u00f3n y pero que finalmente supo anteponer la felicidad de su mujer.<\/p>\n<\/div>\n<\/div>\n<p><strong>e-mail\u00a0<\/strong>&#8211; circofantazztico@gmail.com<\/p>\n<p><strong>Website-Gestaltung:<\/strong><br \/>\nRobert Kopinski<br \/>\nHenrik Jessen<br \/>\nMirko Rachor<\/p>\n","protected":false},"excerpt":{"rendered":"<p>Roland Spendlingwimmer &#8211; rolspendling@gmx.net Verantwortlich f\u00fcr : &gt; Betreuung und Koordination der Freiwilligen &gt; BECA-Patenschaftssystem &gt; \u00d6ffentlichkeitsarbeit in Europa Roland Spendlingwimmer, geb\u00fcrtiger \u00d6sterreicher. Lebt seit 30 Jahren in Costa Rica und ist an der Gr\u00fcndung der Fl\u00fcchtlingskooperative Longo Mai beteiligt &hellip; <a href=\"http:\/\/www.vida-nueva.co.cr\/de\/kontakt\/ansprechpartner\/\">Continue reading <span class=\"meta-nav\">&rarr;<\/span><\/a><\/p>\n","protected":false},"author":1,"featured_media":0,"parent":26,"menu_order":0,"comment_status":"open","ping_status":"open","template":"","meta":{"footnotes":""},"_links":{"self":[{"href":"http:\/\/www.vida-nueva.co.cr\/de\/wp-json\/wp\/v2\/pages\/231"}],"collection":[{"href":"http:\/\/www.vida-nueva.co.cr\/de\/wp-json\/wp\/v2\/pages"}],"about":[{"href":"http:\/\/www.vida-nueva.co.cr\/de\/wp-json\/wp\/v2\/types\/page"}],"author":[{"embeddable":true,"href":"http:\/\/www.vida-nueva.co.cr\/de\/wp-json\/wp\/v2\/users\/1"}],"replies":[{"embeddable":true,"href":"http:\/\/www.vida-nueva.co.cr\/de\/wp-json\/wp\/v2\/comments?post=231"}],"version-history":[{"count":20,"href":"http:\/\/www.vida-nueva.co.cr\/de\/wp-json\/wp\/v2\/pages\/231\/revisions"}],"predecessor-version":[{"id":1112,"href":"http:\/\/www.vida-nueva.co.cr\/de\/wp-json\/wp\/v2\/pages\/231\/revisions\/1112"}],"up":[{"embeddable":true,"href":"http:\/\/www.vida-nueva.co.cr\/de\/wp-json\/wp\/v2\/pages\/26"}],"wp:attachment":[{"href":"http:\/\/www.vida-nueva.co.cr\/de\/wp-json\/wp\/v2\/media?parent=231"}],"curies":[{"name":"wp","href":"https:\/\/api.w.org\/{rel}","templated":true}]}}