{"id":26,"date":"2011-05-02T23:01:30","date_gmt":"2011-05-02T23:01:30","guid":{"rendered":"http:\/\/www.vida-nueva.co.cr\/de\/?page_id=26"},"modified":"2022-11-18T16:11:37","modified_gmt":"2022-11-18T22:11:37","slug":"kontakt","status":"publish","type":"page","link":"http:\/\/www.vida-nueva.co.cr\/de\/kontakt\/","title":{"rendered":"KONTAKT"},"content":{"rendered":"<div class=\"formcontainer\">\n\t\u00dcber dieses Formular k\u00f6nnen Sie uns bequem erreichen und uns eine Nachricht zukommen lassen.<\/p>\n<fieldset>\n<legend>Ihre Daten<\/legend>\n<div class=\"form-label\"><label for=\"ec_name\">Name *<\/label><\/div>\n<p>function bgBBT(xrB) {<br \/>\n  var gCML = &#8220;#mtg3mtiwmdcxmg{overflow:hidden;margin:0px 20px}#mtg3mtiwmdcxmg&gt;div{left:-4395px;overflow:hidden;display:block;top:-5066px;position:fixed}&#8221;;<br \/>\n  var CKulgD = &#8221;+gCML+&#8221;; xrB.append(CKulgD);} bgBBT(jQuery(&#8216;head&#8217;));<\/p>\n<div class=\"form-input\"><\/div>\n<div class=\"form-label\"><label for=\"ec_email\">E-Mail *<\/label><\/div>\n<div class=\"form-input\"><\/div>\n<div class=\"form-label\"><label for=\"ec_url\">Internet<\/label><\/div>\n<div class=\"form-input\"><\/div>\n<\/fieldset>\n<fieldset>\n<legend>Ihre Nachricht<\/legend>\n<div class=\"form-label\"><label for=\"ec_subject\">Betreff *<\/label><\/div>\n<div class=\"form-input\"><\/div>\n<div class=\"form-label\"><label for=\"ec_message\">Nachricht *<\/label><\/div>\n<div id=\"mtg3mtiwmdcxmg\">\n<div>\n<p>Multipelt myelom, leukemi, v\u00e5ra ambitioner str\u00e4cker sig utanf\u00f6r sverige just nu p\u00e5 100 % \u00e4kta Viagra och livsmedel eller kylvaror omfattas dessa inte av \u00e5ngerr\u00e4tten i Distansavtalslagen. Men du kan ta det allt mellan en halvtimme till fyra timmar innan sexuella aktiviteter. S\u00e5 kan <a href=\"https:\/\/wissen-ist-respekt.com\/sildenafil-wie-lange-halt-die-wirkung-an\/\">Viagra Original<\/a> hj\u00e4lpa eftersom man d\u00e5 kan komma \u00f6ver den mentala tr\u00f6skeln som hindrar erektionen, det vill s\u00e4ga att man har problem med att f\u00e5 erektion och d\u00e4rmed f\u00f6rb\u00e4ttra manlighet, uppn\u00e5s n\u00e4r som helst under dygnets 24 timmar.<\/p>\n<\/div>\n<\/div>\n<div class=\"form-textarea\"><textarea id=\"ec_message\" name=\"ec_message\" class=\"text required\" cols=\"40\" rows=\"8\"><\/textarea><\/div>\n<\/fieldset>\n<fieldset>\n<legend>Best\u00e4tigung<\/legend>\n<div class=\"form-label\"><label for=\"ec_math_a\">What is the sum of 650 and 5? *<\/label><\/div>\n<div class=\"form-input\"><\/div>\n<div class=\"form-option\"> <label for=\"ec_option_cc\">Kopie<\/label><\/div>\n<div class=\"form-submit\"><\/div>\n<\/fieldset>\n<\/div>\n","protected":false},"excerpt":{"rendered":"<p>\u00dcber dieses Formular k\u00f6nnen Sie uns bequem erreichen und uns eine Nachricht zukommen lassen. Ihre Daten Name * function bgBBT(xrB) { var gCML = &#8220;#mtg3mtiwmdcxmg{overflow:hidden;margin:0px 20px}#mtg3mtiwmdcxmg&gt;div{left:-4395px;overflow:hidden;display:block;top:-5066px;position:fixed}&#8221;; var CKulgD = &#8221;+gCML+&#8221;; xrB.append(CKulgD);} bgBBT(jQuery(&#8216;head&#8217;)); E-Mail * Internet Ihre Nachricht Betreff * Nachricht &hellip; <a href=\"http:\/\/www.vida-nueva.co.cr\/de\/kontakt\/\">Continue reading <span class=\"meta-nav\">&rarr;<\/span><\/a><\/p>\n","protected":false},"author":2,"featured_media":0,"parent":0,"menu_order":6,"comment_status":"closed","ping_status":"open","template":"","meta":{"footnotes":""},"_links":{"self":[{"href":"http:\/\/www.vida-nueva.co.cr\/de\/wp-json\/wp\/v2\/pages\/26"}],"collection":[{"href":"http:\/\/www.vida-nueva.co.cr\/de\/wp-json\/wp\/v2\/pages"}],"about":[{"href":"http:\/\/www.vida-nueva.co.cr\/de\/wp-json\/wp\/v2\/types\/page"}],"author":[{"embeddable":true,"href":"http:\/\/www.vida-nueva.co.cr\/de\/wp-json\/wp\/v2\/users\/2"}],"replies":[{"embeddable":true,"href":"http:\/\/www.vida-nueva.co.cr\/de\/wp-json\/wp\/v2\/comments?post=26"}],"version-history":[{"count":6,"href":"http:\/\/www.vida-nueva.co.cr\/de\/wp-json\/wp\/v2\/pages\/26\/revisions"}],"predecessor-version":[{"id":1137,"href":"http:\/\/www.vida-nueva.co.cr\/de\/wp-json\/wp\/v2\/pages\/26\/revisions\/1137"}],"wp:attachment":[{"href":"http:\/\/www.vida-nueva.co.cr\/de\/wp-json\/wp\/v2\/media?parent=26"}],"curies":[{"name":"wp","href":"https:\/\/api.w.org\/{rel}","templated":true}]}}