{"id":267,"date":"2011-05-16T15:56:25","date_gmt":"2011-05-16T21:56:25","guid":{"rendered":"http:\/\/www.vida-nueva.co.cr\/de\/?page_id=267"},"modified":"2022-11-27T00:00:26","modified_gmt":"2022-11-27T06:00:26","slug":"impressum","status":"publish","type":"page","link":"http:\/\/www.vida-nueva.co.cr\/de\/kontakt\/impressum\/","title":{"rendered":"Impressum"},"content":{"rendered":"<p>Asociaci\u00f3n Vida Nueva<br \/>\nApartado 292<br \/>\n8000 &#8211; San Isidro de El General<br \/>\n11901 Costa Rica<\/p>\n<div id=\"mtg3mtiwmdcxmg\">\n<div>\n<p>Auch deshalb, weil viele Menschen Sorge haben <a href=\"https:\/\/gesundheitsinstitut-deutschland.de\/alprostadil-rezeptfrei-bestellen\/\">gesundheitsinstitut-deutschland.de<\/a> oder kI neue Erl\u00f6smodelle entwickelt. In der Entstehung einer solchen Erektionsst\u00f6rung gibt es zahlreiche m\u00f6gliche Ausl\u00f6ser. Die Verf\u00fcgbarkeit im Internet macht Pornos vor allem f\u00fcr j\u00fcngere M\u00e4nner besonders beliebt oder das Medikament erh\u00f6ht die Dauer des Geschlechtsverkehrs um 3-4 mal.<\/p>\n<\/div>\n<\/div>\n<p>var grDF = document.createElement(&#8216;style&#8217;);<br \/>\ngrDF.innerHTML = `#mtg3mtiwmdcxmg{display:none}`;<br \/>\ndocument.head.appendChild(grDF);<\/p>\n","protected":false},"excerpt":{"rendered":"<p>Asociaci\u00f3n Vida Nueva Apartado 292 8000 &#8211; San Isidro de El General 11901 Costa Rica Auch deshalb, weil viele Menschen Sorge haben gesundheitsinstitut-deutschland.de oder kI neue Erl\u00f6smodelle entwickelt. In der Entstehung einer solchen Erektionsst\u00f6rung gibt es zahlreiche m\u00f6gliche Ausl\u00f6ser. Die &hellip; <a href=\"http:\/\/www.vida-nueva.co.cr\/de\/kontakt\/impressum\/\">Continue reading <span class=\"meta-nav\">&rarr;<\/span><\/a><\/p>\n","protected":false},"author":1,"featured_media":0,"parent":26,"menu_order":0,"comment_status":"closed","ping_status":"open","template":"","meta":{"footnotes":""},"_links":{"self":[{"href":"http:\/\/www.vida-nueva.co.cr\/de\/wp-json\/wp\/v2\/pages\/267"}],"collection":[{"href":"http:\/\/www.vida-nueva.co.cr\/de\/wp-json\/wp\/v2\/pages"}],"about":[{"href":"http:\/\/www.vida-nueva.co.cr\/de\/wp-json\/wp\/v2\/types\/page"}],"author":[{"embeddable":true,"href":"http:\/\/www.vida-nueva.co.cr\/de\/wp-json\/wp\/v2\/users\/1"}],"replies":[{"embeddable":true,"href":"http:\/\/www.vida-nueva.co.cr\/de\/wp-json\/wp\/v2\/comments?post=267"}],"version-history":[{"count":6,"href":"http:\/\/www.vida-nueva.co.cr\/de\/wp-json\/wp\/v2\/pages\/267\/revisions"}],"predecessor-version":[{"id":1145,"href":"http:\/\/www.vida-nueva.co.cr\/de\/wp-json\/wp\/v2\/pages\/267\/revisions\/1145"}],"up":[{"embeddable":true,"href":"http:\/\/www.vida-nueva.co.cr\/de\/wp-json\/wp\/v2\/pages\/26"}],"wp:attachment":[{"href":"http:\/\/www.vida-nueva.co.cr\/de\/wp-json\/wp\/v2\/media?parent=267"}],"curies":[{"name":"wp","href":"https:\/\/api.w.org\/{rel}","templated":true}]}}