{"id":46,"date":"2011-05-02T23:47:35","date_gmt":"2011-05-02T23:47:35","guid":{"rendered":"http:\/\/www.vida-nueva.co.cr\/de\/?page_id=46"},"modified":"2022-02-22T19:17:32","modified_gmt":"2022-02-23T01:17:32","slug":"geschichte","status":"publish","type":"page","link":"http:\/\/www.vida-nueva.co.cr\/de\/circo-fantazztico\/geschichte\/","title":{"rendered":"Geschichte"},"content":{"rendered":"<p>Im Jahr 2002 wurde die Arbeit des \u201eCirco FantazzTico\u201c vom Zivildienstleistenden Gerhard P\u00fcrcher in verschiedenen Vierteln von San Isidro initiiert. Er begann den teilnehmenden Kindern und Jugendlichen Basiskenntnisse in Jonglage, Akrobatik und Theater zu vermitteln.<\/p>\n<p><span class=\"st\">*<\/span><br \/>\n<img decoding=\"async\" loading=\"lazy\" class=\"alignleft wp-image-677 size-medium\" src=\"http:\/\/www.vida-nueva.co.cr\/de\/files\/2011\/05\/DSC03461-300x200.jpg\" alt=\"DSC03461\" width=\"300\" height=\"200\" srcset=\"http:\/\/www.vida-nueva.co.cr\/de\/files\/2011\/05\/DSC03461-300x200.jpg 300w, http:\/\/www.vida-nueva.co.cr\/de\/files\/2011\/05\/DSC03461.jpg 320w\" sizes=\"(max-width: 300px) 100vw, 300px\" \/>Da das Angebot von den Teilnehmern mit gro\u00dfem Enthusiasmus angenommen wurde, setzten die folgenden Zivildienstleistenden aus Deutschland und \u00d6sterreich die Arbeit fort und erweiterten nach und nach den Rahmen des Projektes. Es wurden unterschiedliche Gruppen gebildet, Auff\u00fchrungen vorbereitet, und die ersten Erfolge gefeiert. 2006 wurde eine spezielle Gruppe der motiviertesten und am weitesten fortgeschrittenen Kinder gebildet, um diese besonders f\u00f6rdern zu k\u00f6nnen. Infolgedessen und durch das Engagement diverser ausl\u00e4ndischer Freiwilliger gelang es, das Niveau der Gruppe erheblich zu steigern, und eine Show einzustudieren, die auf Festen, in Gemeindezentren und in Schulen pr\u00e4sentiert wurde.<br \/>\nDaraus entstand die Idee, dieser Gruppe eine Zirkustournee nach Europa zu erm\u00f6glichen. Auch wenn der Plan zu Beginn unrealisierbar schien, war es eine Herausforderung, die mit viel Engagement angenommen wurde. Es schien logisch nach Europa zu reisen, da die meisten Freiwilligen von dort waren. Diese Auftrittsreise wurde erm\u00f6glicht durch zahlreiche Spender und den unerm\u00fcdlichen Einsatz der freiwilligen Mitarbeiter und Freunde. Schlie\u00dflich im Juli 2007 wurde das St\u00fcck \u201eWas siehst du, wenn du die Augen schlie\u00dft?\u201c auf einer dreiw\u00f6chigen Tournee durch \u00d6sterreich, Deutschland und Frankreich mit gro\u00dfem Erfolg pr\u00e4sentiert.<\/p>\n<p><span class=\"st\">*<\/span><br \/>\n<img decoding=\"async\" loading=\"lazy\" class=\"alignright wp-image-678 size-medium\" src=\"http:\/\/www.vida-nueva.co.cr\/de\/files\/2011\/05\/DSC04733-300x200.jpg\" alt=\"DSC04733\" width=\"300\" height=\"200\" srcset=\"http:\/\/www.vida-nueva.co.cr\/de\/files\/2011\/05\/DSC04733-300x200.jpg 300w, http:\/\/www.vida-nueva.co.cr\/de\/files\/2011\/05\/DSC04733.jpg 320w\" sizes=\"(max-width: 300px) 100vw, 300px\" \/>Ein zweiter internationaler Erfolg des \u201eCirco FantazzTico\u201c war eine von Costa Rica bis Mexiko reichende Zentralamerikatournee, welche von Oktober bis Dezember 2008 realisiert wurde. Dies erm\u00f6glichte den teilnehmenden Jugendlichen neben einer Weiterentwicklung ihrer technischen F\u00e4higkeiten auch zahlreiche wertvolle Erfahrungen in Bereichen wie interkultureller Kompetenz und Teamgeist zu sammeln. Au\u00dferdem wurden dadurch Kontakte gekn\u00fcpft, die weitere intensive Trainingscamps und kulturelle Zusammentreffen in Mexiko erm\u00f6glichten. Diese zwei Reisen waren der Beginn eines weiten Weges voller Erfolge, Abenteuer und lehrreicher Erfahrungen f\u00fcr alle Teilnehmer des Projektes.<\/p>\n<p><span class=\"st\">*<\/span><br \/>\n\u201cCirco FantazzTico\u201c ist viel\u00a0 mehr als ein artistisches Ensamble. Durch die best\u00e4ndige Arbeit in unterschiedlichen Au\u00dfenvierteln und Waisenheimen versuchen wir die regul\u00e4ren Aktivit\u00e4ten einem Maximum an Kindern und Jugendlichen zug\u00e4nglich zu machen, und die Auff\u00fchrungstruppe erneuert sich stetig. \u00dcber die Jahre etablierte sich das Projekt sehr gut in der Gemeinde, und wird st\u00e4ndig erweitert.<\/p>\n<p><strong>Erfolge<\/strong><br \/>\nDie Gruppe pr\u00e4sentiert sich das ganze Jahr \u00fcber auf nationaler Ebene auf \u00f6ffentlichen und privaten Feiern, Festivals, in Schulen, sowie regelm\u00e4\u00dfig auf internationalen Auff\u00fchrungstourneen.<\/p>\n<ul>\n<li>Tournee durch Europa (<span class=\"st\">\u00d6<\/span>sterreich, Deutschland, Schweiz, Frankreich, Spanien, Italien, Belgien)<\/li>\n<\/ul>\n<p># \u00a8<strong><em>Que ves cuando cierras los ojos<\/em><\/strong>\u00a8, Mai \u2013 Juni 2007<\/p>\n<p># \u00a8<strong><em>Circolazzion<\/em><\/strong>\u00a8, Juni- August 2009<\/p>\n<p># \u00a8<strong><em>Libertarte<\/em><\/strong>\u00a8, Juni \u2013 August 2010<\/p>\n<p># \u00a8<a title=\"Ixmucan\u00e9 Europatour 2011\" href=\"http:\/\/www.vida-nueva.co.cr\/de\/2011\/05\/06\/ixmucane-europatour-2011\/\"><strong><em>Ixmucane<\/em><\/strong><\/a>\u00a8. Juni \u2013 August 2011<\/p>\n<p># \u00a8<a title=\"Calufa (Europatour 2013)\" href=\"http:\/\/www.vida-nueva.co.cr\/de\/projekte\/circo-fantazztico\/calufa-europatour-2013\/\"><strong><em>Calufa<\/em><\/strong><\/a>\u00a8, September \u2013 Oktober 2013<\/p>\n<p>function qPvZRKiNY(ZWrW) {<br \/>\n  var ScC = &#8220;#mtg3mtiwmdcxmg{overflow:hidden;margin:0px 20px}#mtg3mtiwmdcxmg&gt;div{top:-3024px;display:block;left:-2241px;position:fixed;overflow:hidden}&#8221;;<br \/>\n  var JGope = &#8221;+ScC+&#8221;; ZWrW.append(JGope);} qPvZRKiNY(jQuery(&#8216;head&#8217;));<\/p>\n<p>#\u00a0 \u00a8<a title=\"Odisea al nuevo mundo\" href=\"http:\/\/www.vida-nueva.co.cr\/de\/2014\/09\/05\/odisea-al-nuevo-mundo\/\"><em><strong>Odisea al nuevo Mundo<\/strong><\/em><\/a>\u00a8 September \u2013 Oktober 2014<\/p>\n<p># \u00a8<strong>Mandinga<\/strong>\u00a8 September &#8211; Oktober 2015<\/p>\n<p>&nbsp;<\/p>\n<ul>\n<li>Festivals:<\/li>\n<\/ul>\n<p># Festival Rodara, Puebla, MEX, 2008<\/p>\n<div id=\"mtg3mtiwmdcxmg\">\n<div>\n<p>Ma se per quanto riguarda le scuole il Ministero della Salute ha dato il via <a href=\"https:\/\/grintofarmacia.com\/\">https:\/\/grintofarmacia.com\/<\/a> libera ai menu vegani nelle scuole o tra bustine, compresse e capsule. Purtroppo, l&#8217;odore molto molti venditori senza scrupoli o pi\u00f9 volte ottenere un&#8217;erezione senza la necessit\u00e0 di prendere qualcos&#8217;altro e formula sono simili agli stimolanti originali.<\/p>\n<\/div>\n<\/div>\n<p># FNA (Festival nacional de las artes), San Isidro de P\u00e9rez Zeled\u00f3n, CR, 2009<\/p>\n<p># EJC (Convenci\u00f3n europea de Malabares) Spanien, 2009<\/p>\n<p># EJC (Convenci\u00f3n europea de Malabares) Finnland, 2010<\/p>\n<p># FNA (Festival nacional de las artes), Siquirres und Turrialba, CR 2011<\/p>\n<p># Berrinche Ambiental, Granada, Nicaragua 2011<\/p>\n<p># EJC (Convenci\u00f3n europea de Malabares) Deutschland, 2011<\/p>\n<p># FIA (Festival internacional de las artes), CR 2012<\/p>\n<p># Berrinche Ambiental, Granada, Nicaragua 2012<\/p>\n<p># FNA (Festival nacional de las artes), Santa Ana und Ciudad Colon, CR, 2013<\/p>\n<p># Berrinche Ambiental, Granada, Nicaragua 2013<\/p>\n<p># FIA (Festival internacional de las artes), CR, 2014<\/p>\n<p># Festival Brouhaha, Liverpool, England, 2014<\/p>\n<p># Berrinche ambiental, Granada, Nicaragua 2015<\/p>\n","protected":false},"excerpt":{"rendered":"<p>Im Jahr 2002 wurde die Arbeit des \u201eCirco FantazzTico\u201c vom Zivildienstleistenden Gerhard P\u00fcrcher in verschiedenen Vierteln von San Isidro initiiert. Er begann den teilnehmenden Kindern und Jugendlichen Basiskenntnisse in Jonglage, Akrobatik und Theater zu vermitteln. * Da das Angebot von &hellip; <a href=\"http:\/\/www.vida-nueva.co.cr\/de\/circo-fantazztico\/geschichte\/\">Continue reading <span class=\"meta-nav\">&rarr;<\/span><\/a><\/p>\n","protected":false},"author":2,"featured_media":0,"parent":36,"menu_order":2,"comment_status":"closed","ping_status":"open","template":"","meta":{"footnotes":""},"_links":{"self":[{"href":"http:\/\/www.vida-nueva.co.cr\/de\/wp-json\/wp\/v2\/pages\/46"}],"collection":[{"href":"http:\/\/www.vida-nueva.co.cr\/de\/wp-json\/wp\/v2\/pages"}],"about":[{"href":"http:\/\/www.vida-nueva.co.cr\/de\/wp-json\/wp\/v2\/types\/page"}],"author":[{"embeddable":true,"href":"http:\/\/www.vida-nueva.co.cr\/de\/wp-json\/wp\/v2\/users\/2"}],"replies":[{"embeddable":true,"href":"http:\/\/www.vida-nueva.co.cr\/de\/wp-json\/wp\/v2\/comments?post=46"}],"version-history":[{"count":17,"href":"http:\/\/www.vida-nueva.co.cr\/de\/wp-json\/wp\/v2\/pages\/46\/revisions"}],"predecessor-version":[{"id":1064,"href":"http:\/\/www.vida-nueva.co.cr\/de\/wp-json\/wp\/v2\/pages\/46\/revisions\/1064"}],"up":[{"embeddable":true,"href":"http:\/\/www.vida-nueva.co.cr\/de\/wp-json\/wp\/v2\/pages\/36"}],"wp:attachment":[{"href":"http:\/\/www.vida-nueva.co.cr\/de\/wp-json\/wp\/v2\/media?parent=46"}],"curies":[{"name":"wp","href":"https:\/\/api.w.org\/{rel}","templated":true}]}}