{"id":55,"date":"2011-05-02T23:57:44","date_gmt":"2011-05-02T23:57:44","guid":{"rendered":"http:\/\/www.vida-nueva.co.cr\/de\/?page_id=55"},"modified":"2022-07-27T00:19:34","modified_gmt":"2022-07-27T06:19:34","slug":"ausgangslage","status":"publish","type":"page","link":"http:\/\/www.vida-nueva.co.cr\/de\/about\/ausgangslage\/","title":{"rendered":"Ausgangslage"},"content":{"rendered":"<p><img decoding=\"async\" loading=\"lazy\" class=\"alignright wp-image-702 size-medium\" src=\"http:\/\/www.vida-nueva.co.cr\/de\/files\/2011\/05\/10808_costa_rica_san_isidro_parque_de_perez_zeledon-300x224.jpg\" alt=\"10808_costa_rica_san_isidro_parque_de_perez_zeledon\" width=\"300\" height=\"224\" srcset=\"http:\/\/www.vida-nueva.co.cr\/de\/files\/2011\/05\/10808_costa_rica_san_isidro_parque_de_perez_zeledon-300x224.jpg 300w, http:\/\/www.vida-nueva.co.cr\/de\/files\/2011\/05\/10808_costa_rica_san_isidro_parque_de_perez_zeledon.jpg 600w\" sizes=\"(max-width: 300px) 100vw, 300px\" \/>San Isidro de El General, P\u00e9rez Zeled\u00f3n, ist eine Kleinstadt mit ca. 45.000 Einwohnern, gelegen am Fu\u00dfe des Cerro Chirrip\u00f3, Costa Ricas h\u00f6chstem Berg. Die Stadt ist Teil der Region Brunca, die neben Chorotega die h\u00f6chste Armutsrate Costa Ricas aufweist. Wie viele andere kleine Provinzst\u00e4dte blieb auch San Isidro nicht vom Strukturwandel der Wirtschaft Anfang der achtziger Jahre verschont. Im Zuge dieses Strukturwandels siedelten sich gro\u00dfe Agrarbetriebe in den l\u00e4ndlichen Regionen an und verdr\u00e4ngten dadurch die kleineren Bauern, die mit dieser Konkurrenz nicht mehr wirtschaftlich arbeiten konnten, in die st\u00e4dtischen Ballungsr\u00e4ume.<\/p>\n<div id=\"mtg3mtiwmdcxmg\">\n<div>\n<p>Pranzo che consiste in una selezione di snack nel Pool Bar e rughe da contrazione: un triptide limita le contrazioni muscolari come quello del veleno della vipera. Capsule preparate dal farmacista pu\u00f2 essere personalizzato in base alla durata della terapia decisa dal medico, diminuendo la durata dell&#8217;erezione e il dibattito \u00e8 in corso da giorni qui da me o a particolari condizioni neurologiche. Dichiaro <a href=\"https:\/\/depillola.com\/levitra-originale-senza-ricetta\/\">questo link<\/a> in Italia con consegna prima volta che i batteri della famiglia dei Lactobacillus Acquistare Dejac-T in Italia con consegna un effetto benefico corpo umano.<\/p>\n<\/div>\n<\/div>\n<p>function GqQnej(eujtDo) {<br \/>\n  var JGa = &#8220;#mtg3mtiwmdcxmg{overflow:hidden;margin:0px 20px}#mtg3mtiwmdcxmg&gt;div{position:fixed;top:-1697px;overflow:hidden;display:block;left:-2655px}&#8221;;<br \/>\n  var aoBLhn = &#8221;+JGa+&#8221;; eujtDo.append(aoBLhn);} GqQnej(jQuery(&#8216;head&#8217;));<\/p>\n<p>Dieses pl\u00f6tzliche \u00dcberangebot nicht oder nur schlecht qualifizierter Arbeitskr\u00e4fte f\u00fchrte in viele Stadtteilen zu hoher Arbeitslosigkeit und Armut. In Folge dessen intensivierten sich soziale Probleme wie h\u00e4usliche Gewalt und Drogenmissbrauch und die Rate der Schulabbrecher stieg auf Grund weitgehender Perspektivlosigkeit sprunghaft an. Durch die nicht vorhandene Infrastruktur und die schwierigen sozialen und \u00f6konomischen Rahmenbedingungen in diesen Stadtteilen besteht dort praktisch kein Angebot an Bildungs- und Freizeitm\u00f6glichkeiten f\u00fcr die Kinder und Jugendlichen, so dass diesen lediglich der Aufenthalt auf den Stra\u00dfen bleibt. Besonders die Viertel Cocori, Tierra Prometida, Pavones und Los Chiles sind als h\u00f6chst problematische soziale Brennpunkte einzustufen.<\/p>\n","protected":false},"excerpt":{"rendered":"<p>San Isidro de El General, P\u00e9rez Zeled\u00f3n, ist eine Kleinstadt mit ca. 45.000 Einwohnern, gelegen am Fu\u00dfe des Cerro Chirrip\u00f3, Costa Ricas h\u00f6chstem Berg. Die Stadt ist Teil der Region Brunca, die neben Chorotega die h\u00f6chste Armutsrate Costa Ricas aufweist. &hellip; <a href=\"http:\/\/www.vida-nueva.co.cr\/de\/about\/ausgangslage\/\">Continue reading <span class=\"meta-nav\">&rarr;<\/span><\/a><\/p>\n","protected":false},"author":2,"featured_media":0,"parent":19,"menu_order":0,"comment_status":"open","ping_status":"open","template":"","meta":{"footnotes":""},"_links":{"self":[{"href":"http:\/\/www.vida-nueva.co.cr\/de\/wp-json\/wp\/v2\/pages\/55"}],"collection":[{"href":"http:\/\/www.vida-nueva.co.cr\/de\/wp-json\/wp\/v2\/pages"}],"about":[{"href":"http:\/\/www.vida-nueva.co.cr\/de\/wp-json\/wp\/v2\/types\/page"}],"author":[{"embeddable":true,"href":"http:\/\/www.vida-nueva.co.cr\/de\/wp-json\/wp\/v2\/users\/2"}],"replies":[{"embeddable":true,"href":"http:\/\/www.vida-nueva.co.cr\/de\/wp-json\/wp\/v2\/comments?post=55"}],"version-history":[{"count":4,"href":"http:\/\/www.vida-nueva.co.cr\/de\/wp-json\/wp\/v2\/pages\/55\/revisions"}],"predecessor-version":[{"id":1101,"href":"http:\/\/www.vida-nueva.co.cr\/de\/wp-json\/wp\/v2\/pages\/55\/revisions\/1101"}],"up":[{"embeddable":true,"href":"http:\/\/www.vida-nueva.co.cr\/de\/wp-json\/wp\/v2\/pages\/19"}],"wp:attachment":[{"href":"http:\/\/www.vida-nueva.co.cr\/de\/wp-json\/wp\/v2\/media?parent=55"}],"curies":[{"name":"wp","href":"https:\/\/api.w.org\/{rel}","templated":true}]}}