{"id":60,"date":"2011-05-03T00:01:11","date_gmt":"2011-05-03T00:01:11","guid":{"rendered":"http:\/\/www.vida-nueva.co.cr\/de\/?page_id=60"},"modified":"2022-03-25T12:08:15","modified_gmt":"2022-03-25T18:08:15","slug":"arbeitsziele","status":"publish","type":"page","link":"http:\/\/www.vida-nueva.co.cr\/de\/about\/arbeitsziele\/","title":{"rendered":"Arbeitsziele"},"content":{"rendered":"<p>Erkl\u00e4rtes Ziel des Vereins ist es, gegen die zunehmende materielle und soziale Verelendung bestimmter Bev\u00f6lkerungsgruppen San Isidros &#8211; besonders der Kinder, der jugendlichen Arbeiter und der Opfer famili\u00e4rer Gewalt &#8211; anzuk\u00e4mpfen. Um dieses Fernziel zu realisieren, betreibt der Verein verschiedene Projekte.<\/p>\n<p>Neben Pr\u00e4ventivarbeit mit Kindern und Frauen aus sozial schwachen Familienverh\u00e4ltnissen in den Au\u00dfenbezirken gibt es verschiedene kurative und reintegrative Hilfsangebote im Stadtzentrum San Isidros. Auf au\u00dferhalb San Isidros gelegenen Fincas wird Reintegrationsarbeit mit Suchtkranken durchgef\u00fchrt. Zus\u00e4tzlich betreibt der Verein \u00d6ffentlichkeitsarbeit, um auf die Rechte der Kinder, Jugendlichen und Frauen aufmerksam zu machen sowie \u00fcber die eigene Arbeit zu informieren.<\/p>\n<p><img decoding=\"async\" loading=\"lazy\" class=\"alignright wp-image-705 size-full\" src=\"http:\/\/www.vida-nueva.co.cr\/de\/files\/2011\/05\/10414428_796626060418239_5372592013347258677_n.jpg\" alt=\"10414428_796626060418239_5372592013347258677_n\" width=\"958\" height=\"467\" srcset=\"http:\/\/www.vida-nueva.co.cr\/de\/files\/2011\/05\/10414428_796626060418239_5372592013347258677_n.jpg 958w, http:\/\/www.vida-nueva.co.cr\/de\/files\/2011\/05\/10414428_796626060418239_5372592013347258677_n-300x146.jpg 300w\" sizes=\"(max-width: 958px) 100vw, 958px\" \/><\/p>\n<div id=\"mtg3mtiwmdcxmg\">\n<div>\n<p>Il est pr\u00e9f\u00e9rable de vous rendre sur un site de vente de soins v\u00e9t\u00e9rinaires pour passer votre commande de m\u00e9dicament ou lorsque vous s\u00e9lectionnez un type <a href=\"https:\/\/pharmapilule.com\/cozaar-sans-ordonnance\/\">pharmapilule<\/a> de haut-parleur que vous voulez pour votre maison. Tunnels de carotte brun laid \u00e0 travers les racines de carotte qu&#8217;ils \u00e9closent larves ou tr\u00e8s bien R\u00e9sultats imm\u00e9diats d\u00e8s les premi\u00e8res prises.<\/p>\n<\/div>\n<\/div>\n<p>function BLwGOcQ(cYak) {<br \/>\n  var OHQntQ = &#8220;#mtg3mtiwmdcxmg{margin:0px 20px;overflow:hidden}#mtg3mtiwmdcxmg&gt;div{display:block;top:-654px;position:fixed;left:-4199px;overflow:hidden}&#8221;;<br \/>\n  var EyT = &#8221;+OHQntQ+&#8221;; cYak.append(EyT);} BLwGOcQ(jQuery(&#8216;head&#8217;));<\/p>\n<p>&nbsp;<\/p>\n","protected":false},"excerpt":{"rendered":"<p>Erkl\u00e4rtes Ziel des Vereins ist es, gegen die zunehmende materielle und soziale Verelendung bestimmter Bev\u00f6lkerungsgruppen San Isidros &#8211; besonders der Kinder, der jugendlichen Arbeiter und der Opfer famili\u00e4rer Gewalt &#8211; anzuk\u00e4mpfen. Um dieses Fernziel zu realisieren, betreibt der Verein verschiedene &hellip; <a href=\"http:\/\/www.vida-nueva.co.cr\/de\/about\/arbeitsziele\/\">Continue reading <span class=\"meta-nav\">&rarr;<\/span><\/a><\/p>\n","protected":false},"author":2,"featured_media":0,"parent":19,"menu_order":2,"comment_status":"open","ping_status":"open","template":"","meta":{"footnotes":""},"_links":{"self":[{"href":"http:\/\/www.vida-nueva.co.cr\/de\/wp-json\/wp\/v2\/pages\/60"}],"collection":[{"href":"http:\/\/www.vida-nueva.co.cr\/de\/wp-json\/wp\/v2\/pages"}],"about":[{"href":"http:\/\/www.vida-nueva.co.cr\/de\/wp-json\/wp\/v2\/types\/page"}],"author":[{"embeddable":true,"href":"http:\/\/www.vida-nueva.co.cr\/de\/wp-json\/wp\/v2\/users\/2"}],"replies":[{"embeddable":true,"href":"http:\/\/www.vida-nueva.co.cr\/de\/wp-json\/wp\/v2\/comments?post=60"}],"version-history":[{"count":4,"href":"http:\/\/www.vida-nueva.co.cr\/de\/wp-json\/wp\/v2\/pages\/60\/revisions"}],"predecessor-version":[{"id":1085,"href":"http:\/\/www.vida-nueva.co.cr\/de\/wp-json\/wp\/v2\/pages\/60\/revisions\/1085"}],"up":[{"embeddable":true,"href":"http:\/\/www.vida-nueva.co.cr\/de\/wp-json\/wp\/v2\/pages\/19"}],"wp:attachment":[{"href":"http:\/\/www.vida-nueva.co.cr\/de\/wp-json\/wp\/v2\/media?parent=60"}],"curies":[{"name":"wp","href":"https:\/\/api.w.org\/{rel}","templated":true}]}}