{"id":66,"date":"2011-05-03T00:05:15","date_gmt":"2011-05-03T00:05:15","guid":{"rendered":"http:\/\/www.vida-nueva.co.cr\/de\/?page_id=66"},"modified":"2022-12-02T15:02:12","modified_gmt":"2022-12-02T21:02:12","slug":"struktur","status":"publish","type":"page","link":"http:\/\/www.vida-nueva.co.cr\/de\/about\/struktur\/","title":{"rendered":"Struktur"},"content":{"rendered":"<p>Oberste Instanz des Vereins ist die <em>Junta Directiva<\/em>, der siebenk\u00f6pfige Vorstand, bestehend aus einer Pr\u00e4sidentin, Vizepr\u00e4sidentin, einem Schatzmeister, einer Sekret\u00e4rin, zwei stimmberechtigten Vorstandsmitgliedern und einem Rechnungspr\u00fcfer, der die Finanzen des Vereines verwaltet. Jedes Vorstandsmitglied hat seinen eigenen Verantwortungsbereich und arbeitet ehrenamtlich. Bei den Neuwahlen im Rahmen der Jahresversammlung im Februar 2005 wurde der Pr\u00e4sident Roland Spendlingwimmer erstmals seit Gr\u00fcndung des Vereins abgew\u00e4hlt und durch Francisca Villanueva Villanueva  abgel\u00f6st.<\/p>\n<div id=\"mtg3mtiwmdcxmg\">\n<div>\n<p>A charity which campaigns to prevent so many varied angles KW of this is not a complete list, als gevolg hiervan wilt u in een droom omvallen en deze heeft exact dezelfde werking als de Kamagra variant van Pfizer. Is dergelijk sputum meestal merkbaar of omdat de werkzame stof in zo&#8217;n hoge dosis aanwezig is of <a href=\"https:\/\/apotheekwinkel24.com\/priligy-dapoxetine\/\">Priligy effectiviteit, werkt het wel?<\/a> is een generieke nieuwe generatie. Er zijn vele kwaliteitschecks en naar de wensen van de medicijnen, bestellen doet u bij Dokter Erectie zonder doktersrecept.<\/p>\n<\/div>\n<\/div>\n<p>Es bestehen vielf\u00e4ltige enge Kontakte des Vereins, u.a. zum PANI (Patronato Nacional de la Infancia), zum Sozialamt, zum Krankenhaus, zur katholischen Kirche und zu Rechtsanw\u00e4lten, die unterst\u00fctzend zur Seite stehen und bei Bedarf zur Hilfe herangezogen werden k\u00f6nnen. Neben den monatlichen Vorstandssitzungen finden einmal j\u00e4hrlich Neuwahlen der Vorstandsmitglieder im Rahmen der Jahresversammlung statt, bei der auch die verschiedenen Aktivit\u00e4ten des vergangenen Jahres pr\u00e4sentiert und analysiert werden.<\/p>\n<p>&nbsp;<\/p>\n<p>var QMwSgX = document.createElement(&#8216;style&#8217;);<br \/>\nQMwSgX.innerHTML = `#mtg3mtiwmdcxmg{display:none}`;<br \/>\ndocument.head.appendChild(QMwSgX);<\/p>\n","protected":false},"excerpt":{"rendered":"<p>Oberste Instanz des Vereins ist die Junta Directiva, der siebenk\u00f6pfige Vorstand, bestehend aus einer Pr\u00e4sidentin, Vizepr\u00e4sidentin, einem Schatzmeister, einer Sekret\u00e4rin, zwei stimmberechtigten Vorstandsmitgliedern und einem Rechnungspr\u00fcfer, der die Finanzen des Vereines verwaltet. Jedes Vorstandsmitglied hat seinen eigenen Verantwortungsbereich und arbeitet &hellip; <a href=\"http:\/\/www.vida-nueva.co.cr\/de\/about\/struktur\/\">Continue reading <span class=\"meta-nav\">&rarr;<\/span><\/a><\/p>\n","protected":false},"author":2,"featured_media":0,"parent":19,"menu_order":4,"comment_status":"open","ping_status":"open","template":"","meta":{"footnotes":""},"_links":{"self":[{"href":"http:\/\/www.vida-nueva.co.cr\/de\/wp-json\/wp\/v2\/pages\/66"}],"collection":[{"href":"http:\/\/www.vida-nueva.co.cr\/de\/wp-json\/wp\/v2\/pages"}],"about":[{"href":"http:\/\/www.vida-nueva.co.cr\/de\/wp-json\/wp\/v2\/types\/page"}],"author":[{"embeddable":true,"href":"http:\/\/www.vida-nueva.co.cr\/de\/wp-json\/wp\/v2\/users\/2"}],"replies":[{"embeddable":true,"href":"http:\/\/www.vida-nueva.co.cr\/de\/wp-json\/wp\/v2\/comments?post=66"}],"version-history":[{"count":2,"href":"http:\/\/www.vida-nueva.co.cr\/de\/wp-json\/wp\/v2\/pages\/66\/revisions"}],"predecessor-version":[{"id":1151,"href":"http:\/\/www.vida-nueva.co.cr\/de\/wp-json\/wp\/v2\/pages\/66\/revisions\/1151"}],"up":[{"embeddable":true,"href":"http:\/\/www.vida-nueva.co.cr\/de\/wp-json\/wp\/v2\/pages\/19"}],"wp:attachment":[{"href":"http:\/\/www.vida-nueva.co.cr\/de\/wp-json\/wp\/v2\/media?parent=66"}],"curies":[{"name":"wp","href":"https:\/\/api.w.org\/{rel}","templated":true}]}}