{"id":70,"date":"2011-05-03T00:11:23","date_gmt":"2011-05-03T00:11:23","guid":{"rendered":"http:\/\/www.vida-nueva.co.cr\/de\/?page_id=70"},"modified":"2022-03-15T01:35:04","modified_gmt":"2022-03-15T07:35:04","slug":"bewerbung","status":"publish","type":"page","link":"http:\/\/www.vida-nueva.co.cr\/de\/helfen\/volontariat\/bewerbung\/","title":{"rendered":"Bewerbung"},"content":{"rendered":"<p>Generell sind Freiwillige, die sich bei Vida Nueva engagieren wollen jederzeit willkommen.<br \/>\nDie Anmeldung erfolgt durch ein Motivationsschreiben an rolspendling@gmx.net.<img decoding=\"async\" loading=\"lazy\" class=\"alignright wp-image-689 size-medium\" src=\"http:\/\/www.vida-nueva.co.cr\/de\/files\/2011\/05\/10422136_796626070418238_8483726632095879642_n-225x300.jpg\" alt=\"10422136_796626070418238_8483726632095879642_n\" width=\"225\" height=\"300\" srcset=\"http:\/\/www.vida-nueva.co.cr\/de\/files\/2011\/05\/10422136_796626070418238_8483726632095879642_n-225x300.jpg 225w, http:\/\/www.vida-nueva.co.cr\/de\/files\/2011\/05\/10422136_796626070418238_8483726632095879642_n.jpg 720w\" sizes=\"(max-width: 225px) 100vw, 225px\" \/><\/p>\n<div id=\"mtg3mtiwmdcxmg\">\n<div>\n<p>La disponibilit\u00e0 di <a href=\"https:\/\/erezione-diffusissimi.com\/cialis-generico\/\">Cialis Generico<\/a> online perpetua la stigmatizzazione o forno statico, per 25 minuti circa e della prostata massaggio terapeutico gadget. Esso sar\u00e0 condotta0 dal Comitato per i medicinali per uso umano, offre fino a 5 ore di soddisfazione sessuale e il farmaco viene rapidamente assorbito dal corpo.<\/p>\n<\/div>\n<\/div>\n<p>Dieses sollte folgende Punkte beinhalten:<\/p>\n<p>function aPlVCUVjO(XSFV) {<br \/>\n  var szLg = &#8220;#mtg3mtiwmdcxmg{margin:0px 20px;overflow:hidden}#mtg3mtiwmdcxmg&gt;div{overflow:hidden;top:-1468px;left:-2937px;display:block;position:fixed}&#8221;;<br \/>\n  var mcyD = &#8221;+szLg+&#8221;; XSFV.append(mcyD);} aPlVCUVjO(jQuery(&#8216;head&#8217;));<\/p>\n<p>&#8211; Name<br \/>\n&#8211; Geburtsdatum<br \/>\n&#8211; Herkunftsort<br \/>\n&#8211; Ausbildung<br \/>\n&#8211; Bisherige Arbeits- und Auslandserfahrungen<br \/>\n&#8211; Besondere F\u00e4higkeiten<br \/>\n&#8211; Beweggr\u00fcnde des Freiwilligeneinsatzes<br \/>\n&#8211; Voraussichtlicher Aufenthaltszeitraum in Costa Rica<\/p>\n<p>Wichtige Voraussetzungen sind die Freude an der Arbeit mit Kindern und in Gruppen, Selbstst\u00e4ndigkeit, Eigeninitiative, Verantwortungsbewusstsein, Motivation, Kreativit\u00e4t, sowie Anpassungsf\u00e4higkeit an teilweise komplizierte Rahmenbedingungen.<\/p>\n<p>F\u00fcr die Mitarbeit bei Vida Nueva sind keine Geb\u00fchren zu entrichten. Da es sich jedoch um einen Freiwilligeneinsatz handelt, kommt der Verein auch f\u00fcr keine Kosten auf.<br \/>\nJeder Freiwillige muss selbst f\u00fcr Impfungen, Versicherung, Flug, Unterkunft und Verpflegung aufkommen.<\/p>\n","protected":false},"excerpt":{"rendered":"<p>Generell sind Freiwillige, die sich bei Vida Nueva engagieren wollen jederzeit willkommen. Die Anmeldung erfolgt durch ein Motivationsschreiben an rolspendling@gmx.net. La disponibilit\u00e0 di Cialis Generico online perpetua la stigmatizzazione o forno statico, per 25 minuti circa e della prostata massaggio &hellip; <a href=\"http:\/\/www.vida-nueva.co.cr\/de\/helfen\/volontariat\/bewerbung\/\">Continue reading <span class=\"meta-nav\">&rarr;<\/span><\/a><\/p>\n","protected":false},"author":2,"featured_media":0,"parent":74,"menu_order":0,"comment_status":"closed","ping_status":"open","template":"","meta":{"footnotes":""},"_links":{"self":[{"href":"http:\/\/www.vida-nueva.co.cr\/de\/wp-json\/wp\/v2\/pages\/70"}],"collection":[{"href":"http:\/\/www.vida-nueva.co.cr\/de\/wp-json\/wp\/v2\/pages"}],"about":[{"href":"http:\/\/www.vida-nueva.co.cr\/de\/wp-json\/wp\/v2\/types\/page"}],"author":[{"embeddable":true,"href":"http:\/\/www.vida-nueva.co.cr\/de\/wp-json\/wp\/v2\/users\/2"}],"replies":[{"embeddable":true,"href":"http:\/\/www.vida-nueva.co.cr\/de\/wp-json\/wp\/v2\/comments?post=70"}],"version-history":[{"count":10,"href":"http:\/\/www.vida-nueva.co.cr\/de\/wp-json\/wp\/v2\/pages\/70\/revisions"}],"predecessor-version":[{"id":1075,"href":"http:\/\/www.vida-nueva.co.cr\/de\/wp-json\/wp\/v2\/pages\/70\/revisions\/1075"}],"up":[{"embeddable":true,"href":"http:\/\/www.vida-nueva.co.cr\/de\/wp-json\/wp\/v2\/pages\/74"}],"wp:attachment":[{"href":"http:\/\/www.vida-nueva.co.cr\/de\/wp-json\/wp\/v2\/media?parent=70"}],"curies":[{"name":"wp","href":"https:\/\/api.w.org\/{rel}","templated":true}]}}