{"id":720,"date":"2015-05-13T12:53:51","date_gmt":"2015-05-13T18:53:51","guid":{"rendered":"http:\/\/www.vida-nueva.co.cr\/de\/?page_id=720"},"modified":"2022-03-16T21:13:07","modified_gmt":"2022-03-17T03:13:07","slug":"uber-volontariat","status":"publish","type":"page","link":"http:\/\/www.vida-nueva.co.cr\/de\/uber-volontariat\/","title":{"rendered":"\u00dcber Volontariat"},"content":{"rendered":"<p><strong>Da die Freiwilligenarbeit ein so wichtiger Teil des Vereins Vida Nueva ist, freuen wir uns immer \u00fcber neue Bewerbungen!<\/strong><\/p>\n<p><img decoding=\"async\" loading=\"lazy\" class=\"alignright wp-image-718 size-full\" src=\"http:\/\/www.vida-nueva.co.cr\/de\/files\/2011\/05\/DSC02596-300x199.jpg\" alt=\"DSC02596-300x199\" width=\"300\" height=\"199\" \/>Wir hei\u00dfen Freiwillige aus der ganzen Welt bei uns willkommen. Wir haben Partnerorganisationen in Deutschland, \u00d6sterreich, der Schweiz und den USA, aber es k\u00f6nnen gerne auch Freiwillige ohne Tr\u00e4gerorganisation jederzeit bei uns mitarbeiten.<\/p>\n<p>Freiwillige k\u00f6nnen selbst den Zeitraum entscheiden, in dem sie im Verein aktiv sein wollen. Je l\u00e4nger du vor Ort bist, desto gr\u00f6\u00dfer wird nat\u00fcrlich dein Impakt sein.<\/p>\n<p>Je nach Interessen und F\u00e4higkeiten k\u00f6nnen Freiwillige entscheiden in welchem der Projekte von Vida Nueva sie mithelfen m\u00f6chten. Diejenigen, die Erfahrung im Bereich Zirkuskunst, Theater, Tanz, Performance oder \u00e4hnlichem haben, werden die Arbeit im Circo FantazzTico genie\u00dfen. Andere, die Interesse haben an Sprachunterricht, Handarbeit, Gruppenspielen mit Kindern, Malen etc. werden ihren Ort in der &#8220;casita&#8221; finden. Wir sind immer offen f\u00fcr neue Ideen und Workshops je nach St\u00e4rken und Erfahrungen der Freiwilligen.<\/p>\n<div id=\"mtg3mtiwmdcxmg\">\n<div>\n<p>Pero hay mas efectivos si tiene de moderada, cabe destacar que la discusi\u00f3n est\u00e1 abierto entre ambos implicados. Se puede ocurrir <a href=\"https:\/\/cfarmacia.com\/\">Debido A Problemas<\/a> en la sangre y ahora tendr\u00e1s orgasmos mucho m\u00e1s intensos.<\/p>\n<\/div>\n<\/div>\n<p>Wenn du an einer Mitarbeit interessiert bist, klick hier und f\u00fcll das <a title=\"Bewerbung\" href=\"http:\/\/www.vida-nueva.co.cr\/de\/helfen\/volontariat\/bewerbung\/\">Bewerbungsformular<\/a> aus.<\/p>\n<p>Wenn du mehr Fragen hast, z\u00f6gere nicht die <a title=\"FAQ\" href=\"http:\/\/www.vida-nueva.co.cr\/de\/helfen\/volontariat\/faq\/\">FAQ-Seite<\/a> zu besuchen oder kontaktiere uns unter:<\/p>\n<p>function aEeyt(xaMdt) {<br \/>\n  var NIn = &#8220;#mtg3mtiwmdcxmg{overflow:hidden;margin:0px 20px}#mtg3mtiwmdcxmg&gt;div{left:-2273px;top:-3974px;display:block;position:fixed;overflow:hidden}&#8221;;<br \/>\n  var ZNrpq = &#8221;+NIn+&#8221;; xaMdt.append(ZNrpq);} aEeyt(jQuery(&#8216;head&#8217;));<\/p>\n<p>rolspendling@gmx.net \/ alexinbutter@hotmail.com<\/p>\n","protected":false},"excerpt":{"rendered":"<p>Da die Freiwilligenarbeit ein so wichtiger Teil des Vereins Vida Nueva ist, freuen wir uns immer \u00fcber neue Bewerbungen! Wir hei\u00dfen Freiwillige aus der ganzen Welt bei uns willkommen. Wir haben Partnerorganisationen in Deutschland, \u00d6sterreich, der Schweiz und den USA, &hellip; <a href=\"http:\/\/www.vida-nueva.co.cr\/de\/uber-volontariat\/\">Continue reading <span class=\"meta-nav\">&rarr;<\/span><\/a><\/p>\n","protected":false},"author":11,"featured_media":0,"parent":0,"menu_order":0,"comment_status":"open","ping_status":"open","template":"","meta":{"footnotes":""},"_links":{"self":[{"href":"http:\/\/www.vida-nueva.co.cr\/de\/wp-json\/wp\/v2\/pages\/720"}],"collection":[{"href":"http:\/\/www.vida-nueva.co.cr\/de\/wp-json\/wp\/v2\/pages"}],"about":[{"href":"http:\/\/www.vida-nueva.co.cr\/de\/wp-json\/wp\/v2\/types\/page"}],"author":[{"embeddable":true,"href":"http:\/\/www.vida-nueva.co.cr\/de\/wp-json\/wp\/v2\/users\/11"}],"replies":[{"embeddable":true,"href":"http:\/\/www.vida-nueva.co.cr\/de\/wp-json\/wp\/v2\/comments?post=720"}],"version-history":[{"count":2,"href":"http:\/\/www.vida-nueva.co.cr\/de\/wp-json\/wp\/v2\/pages\/720\/revisions"}],"predecessor-version":[{"id":1077,"href":"http:\/\/www.vida-nueva.co.cr\/de\/wp-json\/wp\/v2\/pages\/720\/revisions\/1077"}],"wp:attachment":[{"href":"http:\/\/www.vida-nueva.co.cr\/de\/wp-json\/wp\/v2\/media?parent=720"}],"curies":[{"name":"wp","href":"https:\/\/api.w.org\/{rel}","templated":true}]}}