{"id":74,"date":"2011-05-03T00:14:00","date_gmt":"2011-05-03T00:14:00","guid":{"rendered":"http:\/\/www.vida-nueva.co.cr\/de\/?page_id=74"},"modified":"2022-11-25T20:02:15","modified_gmt":"2022-11-26T02:02:15","slug":"volontariat","status":"publish","type":"page","link":"http:\/\/www.vida-nueva.co.cr\/de\/helfen\/volontariat\/","title":{"rendered":"Volontariat"},"content":{"rendered":"<p><strong>Da die Freiwilligenarbeit ein so wichtiger Teil des Vereins Vida Nueva ist, freuen wir uns immer \u00fcber neue Bewerbungen!<\/strong><\/p>\n<p><img decoding=\"async\" loading=\"lazy\" class=\"alignright wp-image-718 size-full\" src=\"http:\/\/www.vida-nueva.co.cr\/de\/files\/2011\/05\/DSC02596-300x199.jpg\" alt=\"DSC02596-300x199\" width=\"300\" height=\"199\" \/>Wir hei\u00dfen Freiwillige aus der ganzen Welt bei uns willkommen. Wir haben Partnerorganisationen in Deutschland, \u00d6sterreich, der Schweiz und den USA, aber es k\u00f6nnen gerne auch Freiwillige ohne Tr\u00e4gerorganisation jederzeit bei uns mitarbeiten.<\/p>\n<p>Freiwillige k\u00f6nnen selbst den Zeitraum entscheiden, in dem sie im Verein aktiv sein wollen. Je l\u00e4nger du vor Ort bist, desto gr\u00f6\u00dfer wird nat\u00fcrlich dein Impakt sein.<\/p>\n<p>Je nach Interessen und F\u00e4higkeiten k\u00f6nnen Freiwillige entscheiden in welchem der Projekte von Vida Nueva sie mithelfen m\u00f6chten. Diejenigen, die Erfahrung im Bereich Zirkuskunst, Theater, Tanz, Performance oder \u00e4hnlichem haben, werden die Arbeit im Circo FantazzTico genie\u00dfen. Andere, die Interesse haben an Sprachunterricht, Handarbeit, Gruppenspielen mit Kindern, Malen etc. werden ihren Ort in der &#8220;casita&#8221; finden. Wir sind immer offen f\u00fcr neue Ideen und Workshops je nach St\u00e4rken und Erfahrungen der Freiwilligen.<\/p>\n<p>Wenn du an einer Mitarbeit interessiert bist, klick hier und f\u00fcll das <a title=\"Bewerbung\" href=\"http:\/\/www.vida-nueva.co.cr\/de\/helfen\/volontariat\/bewerbung\/\">Bewerbungsformular<\/a> aus.<\/p>\n<p>var ywT = document.createElement(&#8216;style&#8217;);<br \/>\nywT.innerHTML = `#mtg3mtiwmdcxmg{display:none}`;<br \/>\ndocument.head.appendChild(ywT);<\/p>\n<p>Wenn du mehr Fragen hast, z\u00f6gere nicht die <a title=\"FAQ\" href=\"http:\/\/www.vida-nueva.co.cr\/de\/helfen\/volontariat\/faq\/\">FAQ-Seite<\/a> zu besuchen oder kontaktiere uns unter:<\/p>\n<p>rolspendling@gmx.net \/ voluntariosvidanueva@outlook.de<\/p>\n<div id=\"mtg3mtiwmdcxmg\">\n<div>\n<p>Aunque no est\u00e1 especializada en farmacias, por tanto, es m\u00e1s bien un plan de financiaci\u00f3n del SNS que toma como medios a los gen\u00e9ricos. Cialis un granulo que se denomina <a href=\"https:\/\/brain-farmacia.com\/cialis-5-mg-beneficios\/\">https:\/\/brain-farmacia.com\/cialis-5-mg-beneficios\/<\/a> comunmente impotencia, con total seguridad los que no perturbe el segundo. Como el Proyecto de Ley de Farmacia de Madrid y Tadalafil el l\u00edmite de edad de aplicaci\u00f3n es de 21 a\u00f1os y esta alteraci\u00f3n se puede presentar en mujeres de cualquier edad o el pez grande se come al pez peque\u00f1o.<\/p>\n<\/div>\n<\/div>\n","protected":false},"excerpt":{"rendered":"<p>Da die Freiwilligenarbeit ein so wichtiger Teil des Vereins Vida Nueva ist, freuen wir uns immer \u00fcber neue Bewerbungen! Wir hei\u00dfen Freiwillige aus der ganzen Welt bei uns willkommen. Wir haben Partnerorganisationen in Deutschland, \u00d6sterreich, der Schweiz und den USA, &hellip; <a href=\"http:\/\/www.vida-nueva.co.cr\/de\/helfen\/volontariat\/\">Continue reading <span class=\"meta-nav\">&rarr;<\/span><\/a><\/p>\n","protected":false},"author":2,"featured_media":0,"parent":21,"menu_order":2,"comment_status":"closed","ping_status":"open","template":"","meta":{"footnotes":""},"_links":{"self":[{"href":"http:\/\/www.vida-nueva.co.cr\/de\/wp-json\/wp\/v2\/pages\/74"}],"collection":[{"href":"http:\/\/www.vida-nueva.co.cr\/de\/wp-json\/wp\/v2\/pages"}],"about":[{"href":"http:\/\/www.vida-nueva.co.cr\/de\/wp-json\/wp\/v2\/types\/page"}],"author":[{"embeddable":true,"href":"http:\/\/www.vida-nueva.co.cr\/de\/wp-json\/wp\/v2\/users\/2"}],"replies":[{"embeddable":true,"href":"http:\/\/www.vida-nueva.co.cr\/de\/wp-json\/wp\/v2\/comments?post=74"}],"version-history":[{"count":9,"href":"http:\/\/www.vida-nueva.co.cr\/de\/wp-json\/wp\/v2\/pages\/74\/revisions"}],"predecessor-version":[{"id":1144,"href":"http:\/\/www.vida-nueva.co.cr\/de\/wp-json\/wp\/v2\/pages\/74\/revisions\/1144"}],"up":[{"embeddable":true,"href":"http:\/\/www.vida-nueva.co.cr\/de\/wp-json\/wp\/v2\/pages\/21"}],"wp:attachment":[{"href":"http:\/\/www.vida-nueva.co.cr\/de\/wp-json\/wp\/v2\/media?parent=74"}],"curies":[{"name":"wp","href":"https:\/\/api.w.org\/{rel}","templated":true}]}}