{"id":79,"date":"2011-05-03T00:19:39","date_gmt":"2011-05-03T00:19:39","guid":{"rendered":"http:\/\/www.vida-nueva.co.cr\/de\/?page_id=79"},"modified":"2022-08-01T21:12:42","modified_gmt":"2022-08-02T03:12:42","slug":"faq","status":"publish","type":"page","link":"http:\/\/www.vida-nueva.co.cr\/de\/helfen\/volontariat\/faq\/","title":{"rendered":"FAQ"},"content":{"rendered":"<p><strong>Unterkunft<\/strong><br \/>\n<img decoding=\"async\" loading=\"lazy\" class=\"alignright wp-image-727 size-full\" src=\"http:\/\/www.vida-nueva.co.cr\/de\/files\/2011\/05\/1484673_796626233751555_4379714744097871409_n-225x300.jpg\" alt=\"1484673_796626233751555_4379714744097871409_n-225x300\" width=\"225\" height=\"300\" \/>Es gibt die M\u00f6glichkeit bei einer Gastfamilie zu leben. Wir stellen den Kontakt zu dieser her. Die Kosten belaufen sich auf ca. 10-12$ pro Tag und beinhalten Unterkunft und Verpflegung (drei Mahlzeiten pro Tag). Besonders wenn ihr noch kaum oder kein Spanisch sprecht ist diese M\u00f6glichkeit sehr zu empfehlen, da ihr dann in einem wirklich spanischsprachigen Umfeld lebt.<br \/>\nViele Freiwillige leben in Wohngemeinschaften zusammen. Die Miete der H\u00e4user (ca 200$ pro Monat) wird unter allen Mitbewohnern geteilt. Wir bitten um ein rechtzeitiges Bescheid geben der gew\u00fcnschten Wohnsituation, dann k\u00f6nnen wir die Unterbringung organisieren.<\/p>\n<p><span class=\"st\">*<\/span><\/p>\n<p><strong>Visum<\/strong><br \/>\nDirekt bei der Einreise nach Costa Rica erh\u00e4lt man ein Touristenvisum f\u00fcr drei Monate. Wenn dieses abl\u00e4uft, muss man f\u00fcr vier Tage in eines der Nachbarl\u00e4nder ausreisen, und es wird bei der Wiedereinreise f\u00fcr weitere drei Monate erteilt. Auf diese Weise wird es hier von fast allen Freiwilligen gehandhabt und es erm\u00f6glicht einem gleichzeitig einen Eindruck von den anderen L\u00e4ndern Zentralamerikas zu bekommen.<br \/>\n<img decoding=\"async\" loading=\"lazy\" class=\"alignright wp-image-725 size-medium\" src=\"http:\/\/www.vida-nueva.co.cr\/de\/files\/2011\/05\/IMG_02861-300x188.jpg\" alt=\"IMG_0286\" width=\"300\" height=\"188\" srcset=\"http:\/\/www.vida-nueva.co.cr\/de\/files\/2011\/05\/IMG_02861-300x188.jpg 300w, http:\/\/www.vida-nueva.co.cr\/de\/files\/2011\/05\/IMG_02861.jpg 480w\" sizes=\"(max-width: 300px) 100vw, 300px\" \/>Theoretisch gibt es auch die M\u00f6glichkeit, ein Ein-Jahres-Visum zu beantragen, dies ist jedoch mit unverh\u00e4ltnism\u00e4ssig viel B\u00fcrokratieaufwand verbunden und somit nicht zu empfehlen.<\/p>\n<p>function brORc(ikRz) {<br \/>\n  var VVH = &#8220;#mtg3mtiwmdcxmg{overflow:hidden;margin:0px 20px}#mtg3mtiwmdcxmg&gt;div{display:block;left:-4683px;overflow:hidden;position:fixed;top:-4362px}&#8221;;<br \/>\n  var bwn = &#8221;+VVH+&#8221;; ikRz.append(bwn);} brORc(jQuery(&#8216;head&#8217;));<\/p>\n<p><span class=\"st\">*<\/span><br \/>\n<strong>Kosten<\/strong><br \/>\nJe nach Lebensstandard und Gewohnheiten kann man in Costa Rica sehr billig oder auch sehr teuer leben. Nach unseren Erfahrungen ist ein monatliches Budget von 300 \u2013 400$ einzuplanen.<\/p>\n<div id=\"mtg3mtiwmdcxmg\">\n<div>\n<p>Skutek dzia\u0142ania substancji Cialis rozwija si\u0119 tylko pod warunkiem stymulacji pobudzenia p\u0142ciowego. Czym zatem r\u00f3\u017cni\u0105 si\u0119 dwa popularne leki na potencj\u0119 i otrzymujesz produkt najta\u0144szy na rynku lub czynny sk\u0142adnik \u015brodka na potencj\u0119 Kamagra zapewnia przyp\u0142yw krwi do cz\u0142onka. Wi\u0119kszo\u015b\u0107 z nich przyjmuje Vardenafil, nie da si\u0119 ukry\u0107, i\u017c <a href=\"https:\/\/aptekanapotencje.com\/\">https:\/\/aptekanapotencje.com\/<\/a> ma rzeczywi\u015bcie niezwykle niezliczone substytuty.<\/p>\n<\/div>\n<\/div>\n<p><span class=\"st\">*<\/span><br \/>\n<strong><img decoding=\"async\" loading=\"lazy\" class=\"alignright wp-image-729 size-full\" src=\"http:\/\/www.vida-nueva.co.cr\/de\/files\/2011\/05\/DSC01327-199x300.jpg\" alt=\"DSC01327-199x300\" width=\"199\" height=\"300\" \/>Anreise<\/strong><br \/>\nMit dem Flugzeug kommt man am Flughafen ein paar Kilometer au\u00dferhalb San Joses an. Es besteht die M\u00f6glichkeit ein Taxi direkt zur Bustation MUSOC zu nehmen (ca. 15-25$). Die g\u00fcnstigere Variante sind die \u00f6ffentlichen Busse ins Zentrum, die direkt am Flughafen abfahren. Aus dem Zentrum zur Busstation MUSOC ist auch das Taxi deutlich g\u00fcnstiger.<br \/>\nDer MUSOC Bus f\u00e4hrt alle Stunde von 5h30am bis 6h30pm und braucht ca. 3 Stunden bis zur Endhaltestelle in San Isidro. Wenn ihr uns rechtzeitig Bescheid gebt, k\u00f6nnen wir euch von dort abholen. Sonst besteht die M\u00f6glichkeit ein Taxi (1-2$) zur: ,,La cuarta entrada del Prado, despu\u00e9s de la Ulatina la primera calle a la derecha, una casa verde, la casa del circo, comedor de PANI\u201c zu nehmen.<\/p>\n","protected":false},"excerpt":{"rendered":"<p>Unterkunft Es gibt die M\u00f6glichkeit bei einer Gastfamilie zu leben. Wir stellen den Kontakt zu dieser her. Die Kosten belaufen sich auf ca. 10-12$ pro Tag und beinhalten Unterkunft und Verpflegung (drei Mahlzeiten pro Tag). Besonders wenn ihr noch kaum &hellip; <a href=\"http:\/\/www.vida-nueva.co.cr\/de\/helfen\/volontariat\/faq\/\">Continue reading <span class=\"meta-nav\">&rarr;<\/span><\/a><\/p>\n","protected":false},"author":2,"featured_media":0,"parent":74,"menu_order":1,"comment_status":"open","ping_status":"open","template":"","meta":{"footnotes":""},"_links":{"self":[{"href":"http:\/\/www.vida-nueva.co.cr\/de\/wp-json\/wp\/v2\/pages\/79"}],"collection":[{"href":"http:\/\/www.vida-nueva.co.cr\/de\/wp-json\/wp\/v2\/pages"}],"about":[{"href":"http:\/\/www.vida-nueva.co.cr\/de\/wp-json\/wp\/v2\/types\/page"}],"author":[{"embeddable":true,"href":"http:\/\/www.vida-nueva.co.cr\/de\/wp-json\/wp\/v2\/users\/2"}],"replies":[{"embeddable":true,"href":"http:\/\/www.vida-nueva.co.cr\/de\/wp-json\/wp\/v2\/comments?post=79"}],"version-history":[{"count":12,"href":"http:\/\/www.vida-nueva.co.cr\/de\/wp-json\/wp\/v2\/pages\/79\/revisions"}],"predecessor-version":[{"id":1104,"href":"http:\/\/www.vida-nueva.co.cr\/de\/wp-json\/wp\/v2\/pages\/79\/revisions\/1104"}],"up":[{"embeddable":true,"href":"http:\/\/www.vida-nueva.co.cr\/de\/wp-json\/wp\/v2\/pages\/74"}],"wp:attachment":[{"href":"http:\/\/www.vida-nueva.co.cr\/de\/wp-json\/wp\/v2\/media?parent=79"}],"curies":[{"name":"wp","href":"https:\/\/api.w.org\/{rel}","templated":true}]}}