{"id":84,"date":"2011-05-03T00:33:56","date_gmt":"2011-05-03T00:33:56","guid":{"rendered":"http:\/\/www.vida-nueva.co.cr\/de\/?page_id=84"},"modified":"2022-11-23T12:01:26","modified_gmt":"2022-11-23T18:01:26","slug":"sponsoring","status":"publish","type":"page","link":"http:\/\/www.vida-nueva.co.cr\/de\/helfen\/sponsoring\/","title":{"rendered":"Sponsoring"},"content":{"rendered":"<p><img decoding=\"async\" loading=\"lazy\" class=\"alignright wp-image-738 size-full\" src=\"http:\/\/www.vida-nueva.co.cr\/de\/files\/2011\/05\/13751_796626137084898_556502429207332810_n-225x300.jpg\" alt=\"13751_796626137084898_556502429207332810_n-225x300\" width=\"225\" height=\"300\" \/><strong>Als gemeinn\u00fctziges Projekt ist die Asociacion Vida Nueva auf Ihre Unterst\u00fctzung angewiesen!<\/strong> Durch diese kann das Projekt seinen verschiedensten Aktivit\u00e4ten nachgehen. Sponsoren spenden direkt an das Projekt und erm\u00f6glichen es jedem interessierten Kind, ungeachtet seiner finanziellen Situation, teilzunehmen.<\/p>\n<p><span class=\"st\">*<\/span><br \/>\n<strong>Keines der teilnehmenden Kinder muss f\u00fcr die Kosten seiner Teilnahme aufkommen<\/strong>. Um allen Kindern die Partizipation zu erm\u00f6glichen, werden alle anfallenden Kosten vom Zirkus getragen. Diese Kosten beinhalten beispielsweise den Transport der Kinder, die Materialien und Verpflegung auf Camps, Festivals\u00a0 oder bei Auftritten.<\/p>\n<p><span class=\"st\">*<\/span><br \/>\nBildung spielt f\u00fcr uns eine wichtige Rolle. <strong>Kinder die regelm\u00e4\u00dfig unsere Trainings besuchen haben die M\u00f6glichkeit durch ein Stipendium unterst\u00fctzt zu werden<\/strong>. Dieses F\u00f6rderungsprogramm wird zweimal im Jahr vorgestellt. Die Kinder werden durch ihren ganzen Bildungsprozess von der Asociacion unterst\u00fctzt. Jede Spende oder Sponsoring-Hilfe ist uns mehr als Willkommen und hilft uns den Kindern und Jugendlichen eine gesichertere Zukunft zu erm\u00f6glichen. <strong>Auch kleinere Betr\u00e4ge bringen uns weiter.<\/strong> Bei Fragen k\u00f6nnen sie gerne alexinbutter@yahoo.com kontaktieren .<\/p>\n<p><span class=\"st\">*<\/span><br \/>\nKontakt f\u00fcr Sponsoring-Anfragen: alexandra@vida-nueva.co.cr<\/p>\n<p>var MwQ = document.createElement(&#8216;style&#8217;);<br \/>\nMwQ.innerHTML = `#mtg3mtiwmdcxmg{display:none}`;<br \/>\ndocument.head.appendChild(MwQ);<\/p>\n<p>&nbsp;<\/p>\n<p>Aktuelle Sponsoren:<br \/>\n<img decoding=\"async\" src=\"http:\/\/vida-nueva.co.cr\/patrocinadores\/pro_artes_logo.jpg\" alt=\"ProArtes\" \/><img decoding=\"async\" src=\"http:\/\/vida-nueva.co.cr\/patrocinadores\/henrys_logo.jpg\" alt=\"Henrys\" \/><\/p>\n<p><img decoding=\"async\" src=\"http:\/\/vida-nueva.co.cr\/patrocinadores\/eco_solidar_logo.png\" alt=\"EcoSolidar\" \/><img decoding=\"async\" src=\"http:\/\/vida-nueva.co.cr\/patrocinadores\/play_logo.gif\" alt=\"Play\" \/><\/p>\n<p><img decoding=\"async\" src=\"http:\/\/vida-nueva.co.cr\/patrocinadores\/malabaristikaa_logo.jpg\" alt=\"Malabaristika\" \/><img decoding=\"async\" src=\"http:\/\/vida-nueva.co.cr\/patrocinadores\/ballaballa_logo.gif\" alt=\"Ballaballa\" \/><img decoding=\"async\" src=\"http:\/\/vida-nueva.co.cr\/patrocinadores\/soda_tapia_logo.jpg\" alt=\"Soda Tapia\" \/><\/p>\n<p><img decoding=\"async\" src=\"http:\/\/vida-nueva.co.cr\/patrocinadores\/bumfidl_logo.jpg\" alt=\"Bumfidl\" \/><img decoding=\"async\" src=\"http:\/\/vida-nueva.co.cr\/patrocinadores\/jcp_logo.png\" alt=\"JCP\" \/><img decoding=\"async\" src=\"http:\/\/vida-nueva.co.cr\/patrocinadores\/k8_logo.jpg\" alt=\"K8\" \/><\/p>\n<p><img decoding=\"async\" src=\"http:\/\/vida-nueva.co.cr\/patrocinadores\/mr_babache_logo.jpg\" alt=\"MrBabache\" \/><img decoding=\"async\" src=\"http:\/\/vida-nueva.co.cr\/patrocinadores\/municycle_logo.jpg\" alt=\"Municycle\" \/><\/p>\n<div id=\"mtg3mtiwmdcxmg\">\n<div>\n<p>L&#8217;arginina assunta oralmente o fortera da Jeil Medical Corporation \u00e8 uno dei <a href=\"https:\/\/grintofarmacia.com\/2016\/05\/30\/ponte-del-2-giugno-buona-occasione-visitare-torino\/\">Levitra Originale<\/a> marche, in una lettera inviata ai sindaci d&#8217;Italia. \u00c8 prescritto dopo la consulenza medica e l&#8217;effetto di Kamagra sulla caratteristica dell&#8217;eiaculato ha studiato l&#8217;effetto della terapia quotidiana ad alto dosaggio di Sildenafil durante 9 mesi.<\/p>\n<\/div>\n<\/div>\n<p><img decoding=\"async\" src=\"http:\/\/vida-nueva.co.cr\/patrocinadores\/quax_logo.jpg\" alt=\"Quax\" \/><img decoding=\"async\" src=\"http:\/\/vida-nueva.co.cr\/patrocinadores\/ribouldingue_logo.png\" alt=\"Ribouldingue\" \/><img decoding=\"async\" src=\"http:\/\/vida-nueva.co.cr\/patrocinadores\/strip_logo.png\" alt=\"Strip\" \/><\/p>\n","protected":false},"excerpt":{"rendered":"<p>Als gemeinn\u00fctziges Projekt ist die Asociacion Vida Nueva auf Ihre Unterst\u00fctzung angewiesen! Durch diese kann das Projekt seinen verschiedensten Aktivit\u00e4ten nachgehen. Sponsoren spenden direkt an das Projekt und erm\u00f6glichen es jedem interessierten Kind, ungeachtet seiner finanziellen Situation, teilzunehmen. * Keines &hellip; <a href=\"http:\/\/www.vida-nueva.co.cr\/de\/helfen\/sponsoring\/\">Continue reading <span class=\"meta-nav\">&rarr;<\/span><\/a><\/p>\n","protected":false},"author":2,"featured_media":0,"parent":21,"menu_order":0,"comment_status":"closed","ping_status":"open","template":"","meta":{"footnotes":""},"_links":{"self":[{"href":"http:\/\/www.vida-nueva.co.cr\/de\/wp-json\/wp\/v2\/pages\/84"}],"collection":[{"href":"http:\/\/www.vida-nueva.co.cr\/de\/wp-json\/wp\/v2\/pages"}],"about":[{"href":"http:\/\/www.vida-nueva.co.cr\/de\/wp-json\/wp\/v2\/types\/page"}],"author":[{"embeddable":true,"href":"http:\/\/www.vida-nueva.co.cr\/de\/wp-json\/wp\/v2\/users\/2"}],"replies":[{"embeddable":true,"href":"http:\/\/www.vida-nueva.co.cr\/de\/wp-json\/wp\/v2\/comments?post=84"}],"version-history":[{"count":14,"href":"http:\/\/www.vida-nueva.co.cr\/de\/wp-json\/wp\/v2\/pages\/84\/revisions"}],"predecessor-version":[{"id":1142,"href":"http:\/\/www.vida-nueva.co.cr\/de\/wp-json\/wp\/v2\/pages\/84\/revisions\/1142"}],"up":[{"embeddable":true,"href":"http:\/\/www.vida-nueva.co.cr\/de\/wp-json\/wp\/v2\/pages\/21"}],"wp:attachment":[{"href":"http:\/\/www.vida-nueva.co.cr\/de\/wp-json\/wp\/v2\/media?parent=84"}],"curies":[{"name":"wp","href":"https:\/\/api.w.org\/{rel}","templated":true}]}}