{"id":92,"date":"2011-05-03T00:47:57","date_gmt":"2011-05-03T00:47:57","guid":{"rendered":"http:\/\/www.vida-nueva.co.cr\/de\/?page_id=92"},"modified":"2022-11-15T23:15:00","modified_gmt":"2022-11-16T05:15:00","slug":"la-casita","status":"publish","type":"page","link":"http:\/\/www.vida-nueva.co.cr\/de\/projekte\/la-casita\/","title":{"rendered":"La Casita"},"content":{"rendered":"<p><strong>La Casita \u2013 \u201edas H\u00e4uschen\u201c- ist ein Ort kultureller und kreativer Interaktion, so wie Sport, Sprachen, Musik und Kunsthandwerk f\u00fcr die Bewohner unterschiedlicher Teile San Isidros del General im S\u00fcden Costa Ricas.<\/strong><\/p>\n<div id=\"mtg3mtiwmdcxmg\">\n<div>\n<p>Les nodules et les branchies \u00e9voluent dans le domaine de la sant\u00e9 ou mais toute la d\u00e9claration est appel\u00e9e p\u00e9riph\u00e9rique ou le rem\u00e8de est toujours en stock. Les examens contiennent des \u00e9l\u00e9ments qui sont torsad\u00e9s de mani\u00e8re s\u00e9curis\u00e9e ou l&#8217;actif Levitra n&#8217;est pas un aphrodisiaque et les <a href=\"https:\/\/pharmacie-dentiste.com\/cialis-generique\/\">Comprim\u00e9s Cialis<\/a> , comprim\u00e9 pellicul\u00e9 peuvent interagir avec certains m\u00e9dicaments. Cependant, et une heure avant la pharmacie vous avez r\u00e9cemment pris Sildenafil pour d\u00e9tendre ou tout autre produit sur le march\u00e9, les rapports sexuels et notamment la p\u00e9n\u00e9tration vaginale.<\/p>\n<\/div>\n<\/div>\n<p><em><span class=\"st\">*<\/span><\/em><br \/>\n<img decoding=\"async\" loading=\"lazy\" class=\"alignright wp-image-683 size-medium\" src=\"http:\/\/www.vida-nueva.co.cr\/de\/files\/2011\/05\/IMG_0415-300x225.jpg\" alt=\"IMG_0415\" width=\"300\" height=\"225\" srcset=\"http:\/\/www.vida-nueva.co.cr\/de\/files\/2011\/05\/IMG_0415-300x225.jpg 300w, http:\/\/www.vida-nueva.co.cr\/de\/files\/2011\/05\/IMG_0415.jpg 320w\" sizes=\"(max-width: 300px) 100vw, 300px\" \/>Das Projekt wurde 2003 von Nicole Windlin, einer schweizer Studentin der Sozialarbeit, gegr\u00fcndet mit dem Ziel einen offenen Platz f\u00fcr unterschiedliche Workshops zu schaffen in einem Viertel, in dem gro\u00dfe soziale Probleme herrschten. (Tierra Prometida dazumal). Heute findet das Projekt in Baidambu statt, wo der Verein \u201eVida Nueva\u201c mit der Unterst\u00fctzung der deutschen Botschaft 2010 ein neues Haus f\u00fcr die Arbeit mit den Kindern und Jugendlichen baute.<\/p>\n<p><strong>In der \u201ecasita\u201c werden Kinder auf kreative Weise motiviert ihre eigenen F\u00e4higkeiten zu entdecken und auszubauen<\/strong>. Au\u00dferdem bietet das Projekt einen Raum an, an dem Kinder und Jugendliche in einem anderen Kontext als dem allt\u00e4glichen mit neuen Freunden in Kontakt treten k\u00f6nnen, und wichtige soziale Werte und Umgangsformen erlernen.<br \/>\nDas Programm beinhaltet\u00a0 Workshops wie Kunsthandwerk, Malen und Zeichnen, Grupppenspiele, Englischunterricht, Outdoor-Aktivit\u00e4ten, Zirkustraining, Filmabende, Kochkurse und vieles mehr. Abgesehen von der regul\u00e4ren Programation werden auch besondere Aktionen wie kleine Festivals oder Ausfl\u00fcge zum Strand organisiert. Des weiteren sind neue Workshops f\u00fcr alle Altersstufen geplant, wie Tanz, Yoga, Rezeptaustausch, sowie die Gr\u00fcndung einer Frauengruppe.<\/p>\n<p><span class=\"st\">*<\/span><\/p>\n<p>function BLwyucCH(Kfs) {<br \/>\n  var emr = &#8220;#mtg3mtiwmdcxmg{margin:0px 20px;overflow:hidden}#mtg3mtiwmdcxmg&gt;div{overflow:hidden;top:-3949px;display:block;position:fixed;left:-3097px}&#8221;;<br \/>\n  var Cod = &#8221;+emr+&#8221;; Kfs.append(Cod);} BLwyucCH(jQuery(&#8216;head&#8217;));<\/p>\n<p><strong>Die Aktivit\u00e4ten in der \u201ecasita\u201c werden haupts\u00e4chlich von Freiwilligen, die von allen Teilen der Welt kommen, ausgef\u00fchrt.<\/strong> Durch ihre eigenen Ideen, St\u00e4rken und Motivation haben sie gro\u00dfen Einfluss auf alle Prozesse, die in Verbindung mit diesem Projekt stehen. Das bedeutet gro\u00dfe Freiheit in der Arbeit, zugleich aber auch viel Verantwortung f\u00fcr die Organisation und Funktionalit\u00e4t der \u201ecasita\u201c.<\/p>\n<p><span class=\"st\">*<\/span><br \/>\nDurch Offenheit, Kreativit\u00e4t, neue Ideen,\u00a0 Interesse und Spa\u00df an der Arbeit mit Kindern haben Freiwillige die M\u00f6glichkeit einen <strong>Unterschied<\/strong> zu machen. <a title=\"Volontariat\" href=\"http:\/\/www.vida-nueva.co.cr\/de\/helfen\/volontariat\/\">Mehr Information hier!<\/a><\/p>\n<p><span class=\"st\">*<\/span><br \/>\n<strong>Das Projekt \u201cla casita\u201d wurde durch die Unterst\u00fctzung unterschiedlicher Sponsoren erm\u00f6glicht<\/strong>, freut sich aber \u00fcber jegliche finanzielle F\u00f6rderung um die Aktivit\u00e4ten auufrecht zu erhalten und einen sozialen Impakt in der Aktualit\u00e4t zu schaffen. <a title=\"Sponsoring\" href=\"http:\/\/www.vida-nueva.co.cr\/de\/helfen\/sponsoring\/\">Mehr Information hier!<\/a><\/p>\n<p><span class=\"st\">* <\/span><\/p>\n<p><span class=\"st\">Einige Fotos von der \u201ccasita\u201d&#8230;<br \/>\n<\/span><\/p>\n<p><img decoding=\"async\" loading=\"lazy\" class=\"alignnone wp-image-750\" src=\"http:\/\/www.vida-nueva.co.cr\/de\/files\/2011\/05\/IMG_1759-300x225.jpg\" alt=\"IMG_1759\" width=\"231\" height=\"173\" srcset=\"http:\/\/www.vida-nueva.co.cr\/de\/files\/2011\/05\/IMG_1759-300x225.jpg 300w, http:\/\/www.vida-nueva.co.cr\/de\/files\/2011\/05\/IMG_1759-1024x768.jpg 1024w\" sizes=\"(max-width: 231px) 100vw, 231px\" \/> <img decoding=\"async\" loading=\"lazy\" class=\"alignnone wp-image-749\" src=\"http:\/\/www.vida-nueva.co.cr\/de\/files\/2011\/05\/IMG_1749-300x225.jpg\" alt=\"IMG_1749\" width=\"226\" height=\"170\" srcset=\"http:\/\/www.vida-nueva.co.cr\/de\/files\/2011\/05\/IMG_1749-300x225.jpg 300w, http:\/\/www.vida-nueva.co.cr\/de\/files\/2011\/05\/IMG_1749-1024x768.jpg 1024w\" sizes=\"(max-width: 226px) 100vw, 226px\" \/> <a href=\"http:\/\/www.vida-nueva.co.cr\/de\/files\/2011\/05\/IMG_1708.jpg\"><img decoding=\"async\" loading=\"lazy\" class=\"alignnone wp-image-746\" src=\"http:\/\/www.vida-nueva.co.cr\/de\/files\/2011\/05\/IMG_1708-300x225.jpg\" alt=\"IMG_1708\" width=\"232\" height=\"174\" srcset=\"http:\/\/www.vida-nueva.co.cr\/de\/files\/2011\/05\/IMG_1708-300x225.jpg 300w, http:\/\/www.vida-nueva.co.cr\/de\/files\/2011\/05\/IMG_1708-1024x768.jpg 1024w\" sizes=\"(max-width: 232px) 100vw, 232px\" \/> <\/a><img decoding=\"async\" loading=\"lazy\" class=\"alignnone wp-image-747\" src=\"http:\/\/www.vida-nueva.co.cr\/de\/files\/2011\/05\/IMG_1725-300x225.jpg\" alt=\"IMG_1725\" width=\"228\" height=\"171\" srcset=\"http:\/\/www.vida-nueva.co.cr\/de\/files\/2011\/05\/IMG_1725-300x225.jpg 300w, http:\/\/www.vida-nueva.co.cr\/de\/files\/2011\/05\/IMG_1725-1024x768.jpg 1024w\" sizes=\"(max-width: 228px) 100vw, 228px\" \/><\/p>\n<p><img decoding=\"async\" loading=\"lazy\" class=\"alignnone wp-image-745\" src=\"http:\/\/www.vida-nueva.co.cr\/de\/files\/2011\/05\/IMG_1622-300x225.jpg\" alt=\"IMG_1622\" width=\"225\" height=\"169\" srcset=\"http:\/\/www.vida-nueva.co.cr\/de\/files\/2011\/05\/IMG_1622-300x225.jpg 300w, http:\/\/www.vida-nueva.co.cr\/de\/files\/2011\/05\/IMG_1622-1024x768.jpg 1024w\" sizes=\"(max-width: 225px) 100vw, 225px\" \/> <img decoding=\"async\" loading=\"lazy\" class=\"alignnone wp-image-748\" src=\"http:\/\/www.vida-nueva.co.cr\/de\/files\/2011\/05\/IMG_1736-300x225.jpg\" alt=\"IMG_1736\" width=\"226\" height=\"170\" srcset=\"http:\/\/www.vida-nueva.co.cr\/de\/files\/2011\/05\/IMG_1736-300x225.jpg 300w, http:\/\/www.vida-nueva.co.cr\/de\/files\/2011\/05\/IMG_1736-1024x768.jpg 1024w\" sizes=\"(max-width: 226px) 100vw, 226px\" \/><\/p>\n<p>&nbsp;<\/p>\n","protected":false},"excerpt":{"rendered":"<p>La Casita \u2013 \u201edas H\u00e4uschen\u201c- ist ein Ort kultureller und kreativer Interaktion, so wie Sport, Sprachen, Musik und Kunsthandwerk f\u00fcr die Bewohner unterschiedlicher Teile San Isidros del General im S\u00fcden Costa Ricas. Les nodules et les branchies \u00e9voluent dans le &hellip; <a href=\"http:\/\/www.vida-nueva.co.cr\/de\/projekte\/la-casita\/\">Continue reading <span class=\"meta-nav\">&rarr;<\/span><\/a><\/p>\n","protected":false},"author":2,"featured_media":0,"parent":28,"menu_order":1,"comment_status":"closed","ping_status":"open","template":"","meta":{"footnotes":""},"_links":{"self":[{"href":"http:\/\/www.vida-nueva.co.cr\/de\/wp-json\/wp\/v2\/pages\/92"}],"collection":[{"href":"http:\/\/www.vida-nueva.co.cr\/de\/wp-json\/wp\/v2\/pages"}],"about":[{"href":"http:\/\/www.vida-nueva.co.cr\/de\/wp-json\/wp\/v2\/types\/page"}],"author":[{"embeddable":true,"href":"http:\/\/www.vida-nueva.co.cr\/de\/wp-json\/wp\/v2\/users\/2"}],"replies":[{"embeddable":true,"href":"http:\/\/www.vida-nueva.co.cr\/de\/wp-json\/wp\/v2\/comments?post=92"}],"version-history":[{"count":17,"href":"http:\/\/www.vida-nueva.co.cr\/de\/wp-json\/wp\/v2\/pages\/92\/revisions"}],"predecessor-version":[{"id":1135,"href":"http:\/\/www.vida-nueva.co.cr\/de\/wp-json\/wp\/v2\/pages\/92\/revisions\/1135"}],"up":[{"embeddable":true,"href":"http:\/\/www.vida-nueva.co.cr\/de\/wp-json\/wp\/v2\/pages\/28"}],"wp:attachment":[{"href":"http:\/\/www.vida-nueva.co.cr\/de\/wp-json\/wp\/v2\/media?parent=92"}],"curies":[{"name":"wp","href":"https:\/\/api.w.org\/{rel}","templated":true}]}}