{"id":103,"date":"2011-05-30T12:33:05","date_gmt":"2011-05-30T18:33:05","guid":{"rendered":"http:\/\/www.vida-nueva.co.cr\/es\/?page_id=103"},"modified":"2011-05-30T12:33:05","modified_gmt":"2011-05-30T18:33:05","slug":"fundacion","status":"publish","type":"page","link":"http:\/\/www.vida-nueva.co.cr\/es\/de-vida-nueva\/fundacion\/","title":{"rendered":"Fundacion"},"content":{"rendered":"<p>La <em>Asociaci\u00f3n  Vida Nueva para la Promoci\u00f3n Integral de Proyectos  para Menores Trabajadores,  Madres Adolescentes y la Mujer Agredida<\/em>,  ahora llamada \u00fanicamente Vida  Nueva, se fund\u00f3 en 1996 para luchar  contra las condiciones dif\u00edciles que sufren  estos barrios marginados.  La iniciativa de la creaci\u00f3n de la Asociaci\u00f3n sale  del Congreso Para la  Dignidad de la Mujer, con el apoyo de la Iglesia Cat\u00f3lica.<\/p>\n<p>Entre los  miembros fundadores est\u00e1 el obispo de San Isidro (Monse\u00f1or Ignacio   Trejos), maestros, trabajadores sociales, sic\u00f3logas, abogados,  campesinos, amas  de casa y comerciantes. El \u00fanico miembro fundador  extranjero y por muchos a\u00f1os  presidente de la Asociaci\u00f3n Vida Nueva, es  el austriaco Roland Spendlingwimmer,  quien vive desde hace 30 a\u00f1os con  la familia en Costa Rica. En el a\u00f1o 2000  recibi\u00f3 el premio de los  derechos humanos de la provincia de Alta Austria (por  el proyecto con  los ni\u00f1os de la calle y los refugiados en Costa Rica).<\/p>\n","protected":false},"excerpt":{"rendered":"<p>La Asociaci\u00f3n Vida Nueva para la Promoci\u00f3n Integral de Proyectos para Menores Trabajadores, Madres Adolescentes y la Mujer Agredida, ahora llamada \u00fanicamente Vida Nueva, se fund\u00f3 en 1996 para luchar contra las condiciones dif\u00edciles que sufren estos barrios marginados. La &hellip; <a href=\"http:\/\/www.vida-nueva.co.cr\/es\/de-vida-nueva\/fundacion\/\">Continue reading <span class=\"meta-nav\">&rarr;<\/span><\/a><\/p>\n","protected":false},"author":2,"featured_media":0,"parent":20,"menu_order":1,"comment_status":"open","ping_status":"open","template":"","meta":{"footnotes":""},"_links":{"self":[{"href":"http:\/\/www.vida-nueva.co.cr\/es\/wp-json\/wp\/v2\/pages\/103"}],"collection":[{"href":"http:\/\/www.vida-nueva.co.cr\/es\/wp-json\/wp\/v2\/pages"}],"about":[{"href":"http:\/\/www.vida-nueva.co.cr\/es\/wp-json\/wp\/v2\/types\/page"}],"author":[{"embeddable":true,"href":"http:\/\/www.vida-nueva.co.cr\/es\/wp-json\/wp\/v2\/users\/2"}],"replies":[{"embeddable":true,"href":"http:\/\/www.vida-nueva.co.cr\/es\/wp-json\/wp\/v2\/comments?post=103"}],"version-history":[{"count":1,"href":"http:\/\/www.vida-nueva.co.cr\/es\/wp-json\/wp\/v2\/pages\/103\/revisions"}],"predecessor-version":[{"id":104,"href":"http:\/\/www.vida-nueva.co.cr\/es\/wp-json\/wp\/v2\/pages\/103\/revisions\/104"}],"up":[{"embeddable":true,"href":"http:\/\/www.vida-nueva.co.cr\/es\/wp-json\/wp\/v2\/pages\/20"}],"wp:attachment":[{"href":"http:\/\/www.vida-nueva.co.cr\/es\/wp-json\/wp\/v2\/media?parent=103"}],"curies":[{"name":"wp","href":"https:\/\/api.w.org\/{rel}","templated":true}]}}