{"id":308,"date":"2015-04-28T10:55:42","date_gmt":"2015-04-28T16:55:42","guid":{"rendered":"http:\/\/www.vida-nueva.co.cr\/es\/?page_id=308"},"modified":"2015-05-08T22:09:48","modified_gmt":"2015-05-09T04:09:48","slug":"voluntariados","status":"publish","type":"page","link":"http:\/\/www.vida-nueva.co.cr\/es\/voluntariados\/","title":{"rendered":"Voluntariados"},"content":{"rendered":"<p><strong>Como los voluntarios forman una parte muy importante de la Asociaci\u00f3n Vida Nueva, siempre estamos buscando nuevas aplicaciones!<\/strong><\/p>\n<p><img decoding=\"async\" loading=\"lazy\" class=\"alignright wp-image-310 size-medium\" src=\"http:\/\/www.vida-nueva.co.cr\/es\/files\/2015\/04\/DSC02596-300x199.jpg\" alt=\"DSC02596\" width=\"300\" height=\"199\" srcset=\"http:\/\/www.vida-nueva.co.cr\/es\/files\/2015\/04\/DSC02596-300x199.jpg 300w, http:\/\/www.vida-nueva.co.cr\/es\/files\/2015\/04\/DSC02596-1024x682.jpg 1024w, http:\/\/www.vida-nueva.co.cr\/es\/files\/2015\/04\/DSC02596.jpg 1280w\" sizes=\"(max-width: 300px) 100vw, 300px\" \/>Damos la bienvenida a voluntarios de muchos pa\u00edses diferentes. Tenemos organizaciones hermanos en Alemania, Austria, Suiza y Estados Unidos que envian voluntarios, pero siempre estan m\u00e1s que bienvenidos tambien los voluntarios que quieren venir por su propia cuenta en el momento que ellos quieren.<\/p>\n<p>Los voluntarios pueden ser activos en la asociacion por el tiempo que ellos deciden. Obiamente, mas tiempo que se quede usted, m\u00e1s grande ser\u00e1 su impacto !<\/p>\n<p>Segun sus intereses y habilidades cada voluntario puede escoger en que proyecto desea participar. Voluntarios con conocimientos en los areas de artes circenses, teatro, danza y actuaci\u00f3n seguro disfrutan del trabajo con el Circo FantazzTico. Voluntarios interesados en ense\u00f1ar idiomas, artesanias, juegos, pintura u otros, encontrar\u00e1n su espacio en la casita. El proyecto siempre esta abierto hacia nuevas ideas para talleres o actividades recreativas segun sus habilidades y experiencias.<\/p>\n<p>Para aplicar haz click aqui y<a title=\"Aplicaci\u00f3n\" href=\"http:\/\/www.vida-nueva.co.cr\/es\/aplicacion\/\"> llena el formulario de aplicaci\u00f3n<\/a>.<\/p>\n<p>Si usted tiene m\u00e1s preguntas puede ponerse personalmente en contacto con nosotros: rolspendling@gmx.net \/ alexinbutter@hotmail.com<\/p>\n","protected":false},"excerpt":{"rendered":"<p>Como los voluntarios forman una parte muy importante de la Asociaci\u00f3n Vida Nueva, siempre estamos buscando nuevas aplicaciones! Damos la bienvenida a voluntarios de muchos pa\u00edses diferentes. Tenemos organizaciones hermanos en Alemania, Austria, Suiza y Estados Unidos que envian voluntarios, &hellip; <a href=\"http:\/\/www.vida-nueva.co.cr\/es\/voluntariados\/\">Continue reading <span class=\"meta-nav\">&rarr;<\/span><\/a><\/p>\n","protected":false},"author":11,"featured_media":0,"parent":0,"menu_order":0,"comment_status":"open","ping_status":"open","template":"","meta":{"footnotes":""},"_links":{"self":[{"href":"http:\/\/www.vida-nueva.co.cr\/es\/wp-json\/wp\/v2\/pages\/308"}],"collection":[{"href":"http:\/\/www.vida-nueva.co.cr\/es\/wp-json\/wp\/v2\/pages"}],"about":[{"href":"http:\/\/www.vida-nueva.co.cr\/es\/wp-json\/wp\/v2\/types\/page"}],"author":[{"embeddable":true,"href":"http:\/\/www.vida-nueva.co.cr\/es\/wp-json\/wp\/v2\/users\/11"}],"replies":[{"embeddable":true,"href":"http:\/\/www.vida-nueva.co.cr\/es\/wp-json\/wp\/v2\/comments?post=308"}],"version-history":[{"count":6,"href":"http:\/\/www.vida-nueva.co.cr\/es\/wp-json\/wp\/v2\/pages\/308\/revisions"}],"predecessor-version":[{"id":338,"href":"http:\/\/www.vida-nueva.co.cr\/es\/wp-json\/wp\/v2\/pages\/308\/revisions\/338"}],"wp:attachment":[{"href":"http:\/\/www.vida-nueva.co.cr\/es\/wp-json\/wp\/v2\/media?parent=308"}],"curies":[{"name":"wp","href":"https:\/\/api.w.org\/{rel}","templated":true}]}}