{"id":314,"date":"2015-04-28T11:01:39","date_gmt":"2015-04-28T17:01:39","guid":{"rendered":"http:\/\/www.vida-nueva.co.cr\/es\/?page_id=314"},"modified":"2015-04-28T11:03:41","modified_gmt":"2015-04-28T17:03:41","slug":"aplicacion","status":"publish","type":"page","link":"http:\/\/www.vida-nueva.co.cr\/es\/aplicacion\/","title":{"rendered":"Aplicaci\u00f3n"},"content":{"rendered":"<p><strong>Voluntarios que quieren formar parte de Vida Nueva estan siempre bienvenidos!<\/strong> La manera m\u00e1s facil para aplicar es enviando una carta de motivacion a rolspendling@gmx.net y alexinbutter@hotmail.com.<\/p>\n<p><img decoding=\"async\" loading=\"lazy\" class=\"alignright wp-image-315 size-medium\" src=\"http:\/\/www.vida-nueva.co.cr\/es\/files\/2015\/04\/10422136_796626070418238_8483726632095879642_n-225x300.jpg\" alt=\"10422136_796626070418238_8483726632095879642_n\" width=\"225\" height=\"300\" srcset=\"http:\/\/www.vida-nueva.co.cr\/es\/files\/2015\/04\/10422136_796626070418238_8483726632095879642_n-225x300.jpg 225w, http:\/\/www.vida-nueva.co.cr\/es\/files\/2015\/04\/10422136_796626070418238_8483726632095879642_n.jpg 720w\" sizes=\"(max-width: 225px) 100vw, 225px\" \/>La carta deberia incluir los siguientes puntos:<\/p>\n<p>\u2013 Nombre<\/p>\n<p>\u2013 Fecha de nacimiento<\/p>\n<p>\u2013 Pa\u00eds de procedencia<\/p>\n<p>\u2013 Formaci\u00f3n<\/p>\n<p>\u2013 Experiencia profesional<\/p>\n<p>\u2013 Experiencia en el extranjero<\/p>\n<p>\u2013 Capacidades y conocimientos particulares<\/p>\n<p>\u2013 Razones y motivacion para el voluntariado<\/p>\n<p>\u2013 Tiempo previsto para la estad\u00eda en Costa Rica<\/p>\n<p>&nbsp;<\/p>\n<p><strong>Condiciones requeridas:<\/strong><\/p>\n<p>Trabajo voluntario con ni\u00f1os y jovenes, trabajo en equipo, ser aut\u00f3nomo, tomar iniciativa, ser responsable y lleno de motivaci\u00f3n, creatividad, ser capaz de adaptarse al entorno y trabajar bajo presi\u00f3n y circunstancias dificiles.<\/p>\n<p>Trabajo voluntario en Vida Nueva se realiza ad honorem. Es un compromiso voluntario que significa que la asociaci\u00f3n no puede cubrir gasto ninguno. Todos los voluntarios tienen que pagar sus vacunaciones, seguro medico, transporte y alimentaci\u00f3n por su propia cuenta.<\/p>\n<p>Esperamos recibir su aplicaci\u00f3n! Le contestaremos lo mas r\u00e1pido posible.<\/p>\n","protected":false},"excerpt":{"rendered":"<p>Voluntarios que quieren formar parte de Vida Nueva estan siempre bienvenidos! La manera m\u00e1s facil para aplicar es enviando una carta de motivacion a rolspendling@gmx.net y alexinbutter@hotmail.com. La carta deberia incluir los siguientes puntos: \u2013 Nombre \u2013 Fecha de nacimiento &hellip; <a href=\"http:\/\/www.vida-nueva.co.cr\/es\/aplicacion\/\">Continue reading <span class=\"meta-nav\">&rarr;<\/span><\/a><\/p>\n","protected":false},"author":11,"featured_media":0,"parent":0,"menu_order":0,"comment_status":"open","ping_status":"open","template":"","meta":{"footnotes":""},"_links":{"self":[{"href":"http:\/\/www.vida-nueva.co.cr\/es\/wp-json\/wp\/v2\/pages\/314"}],"collection":[{"href":"http:\/\/www.vida-nueva.co.cr\/es\/wp-json\/wp\/v2\/pages"}],"about":[{"href":"http:\/\/www.vida-nueva.co.cr\/es\/wp-json\/wp\/v2\/types\/page"}],"author":[{"embeddable":true,"href":"http:\/\/www.vida-nueva.co.cr\/es\/wp-json\/wp\/v2\/users\/11"}],"replies":[{"embeddable":true,"href":"http:\/\/www.vida-nueva.co.cr\/es\/wp-json\/wp\/v2\/comments?post=314"}],"version-history":[{"count":3,"href":"http:\/\/www.vida-nueva.co.cr\/es\/wp-json\/wp\/v2\/pages\/314\/revisions"}],"predecessor-version":[{"id":318,"href":"http:\/\/www.vida-nueva.co.cr\/es\/wp-json\/wp\/v2\/pages\/314\/revisions\/318"}],"wp:attachment":[{"href":"http:\/\/www.vida-nueva.co.cr\/es\/wp-json\/wp\/v2\/media?parent=314"}],"curies":[{"name":"wp","href":"https:\/\/api.w.org\/{rel}","templated":true}]}}