{"id":47,"date":"2011-05-18T09:38:42","date_gmt":"2011-05-18T15:38:42","guid":{"rendered":"http:\/\/www.vida-nueva.co.cr\/es\/?page_id=47"},"modified":"2016-02-25T14:42:13","modified_gmt":"2016-02-25T20:42:13","slug":"contactos","status":"publish","type":"page","link":"http:\/\/www.vida-nueva.co.cr\/es\/contacto\/contactos\/","title":{"rendered":"contactos"},"content":{"rendered":"<p><strong>Roland Spendlingwimmer<a href=\"http:\/\/www.vida-nueva.co.cr\/es\/files\/2011\/05\/5926544417_2d886c0ced.jpg\"><img decoding=\"async\" loading=\"lazy\" class=\"alignright wp-image-203 size-thumbnail\" src=\"http:\/\/www.vida-nueva.co.cr\/es\/files\/2011\/05\/5926544417_2d886c0ced-150x150.jpg\" alt=\"5926544417_2d886c0ced\" width=\"150\" height=\"150\" \/><\/a><\/strong><\/p>\n<p>rolspendling@gmx.net<\/p>\n<p>Roland Spendlingwimmer, agricultor de profesi\u00f3n, naci\u00f3 en Austria y vive desde hace 35 a\u00f1os en Costa Rica, a donde se mudo a este pa\u00eds \u00a0para participar en la fundaci\u00f3n de la Cooperativa Longo Mai CR; \u00a0tambi\u00e9n es uno de los fundadores de la Asociaci\u00f3n Vida Nueva<\/p>\n<p>&nbsp;<\/p>\n<p><strong>Carolina Gil<a href=\"http:\/\/www.vida-nueva.co.cr\/es\/files\/2011\/05\/406035_10151932692080343_956422051_n.jpg\"><img decoding=\"async\" loading=\"lazy\" class=\"alignright wp-image-205 size-thumbnail\" src=\"http:\/\/www.vida-nueva.co.cr\/es\/files\/2011\/05\/406035_10151932692080343_956422051_n-150x150.jpg\" alt=\"406035_10151932692080343_956422051_n\" width=\"150\" height=\"150\" \/><\/a><\/strong><\/p>\n<p>peggylica@hotmail.com<\/p>\n<p>Carolina, participo como voluntaria en la asociaci\u00f3n desde el 2007,\u00a0en la realizaci\u00f3n y construcci\u00f3n de vestuario y escenograf\u00edas, talleres de Danza y expresi\u00f3n corporal;\u00a0Actualmente es la \u00a0Coordinadora del proyecto de Circo Fantazztico desde el 2012 y organizaci\u00f3n interna, coordinaci\u00f3n de voluntarios.<\/p>\n<p>&nbsp;<\/p>\n<p><strong>Alexandra Graf<\/strong><\/p>\n<p><strong><a href=\"http:\/\/www.vida-nueva.co.cr\/es\/files\/2011\/05\/index.png\"><img decoding=\"async\" loading=\"lazy\" class=\"alignright wp-image-377 size-full\" src=\"http:\/\/www.vida-nueva.co.cr\/es\/files\/2011\/05\/index.png\" alt=\"\" width=\"110\" height=\"131\" \/><\/a><\/strong><\/p>\n<p>alexinbutter@hotmail.com<\/p>\n<p>&nbsp;<\/p>\n<p>Alexandra participo desde muy temprana edad en el Circo para J\u00f3venes de Viena; Circo KAOS. Desde el 2005 hasta el 2011 fue la coordinadora de Circo Fantazztico, especialista en las disciplinas de acrobacia de piso y a\u00e9rea;\u00a0Actualmente se encarga de la comunicaci\u00f3n con organizaciones y escuelas de circo para j\u00f3venes en Europa.<\/p>\n<p>&nbsp;<\/p>\n<p>&nbsp;<\/p>\n<p>&nbsp;<\/p>\n","protected":false},"excerpt":{"rendered":"<p>Roland Spendlingwimmer rolspendling@gmx.net Roland Spendlingwimmer, agricultor de profesi\u00f3n, naci\u00f3 en Austria y vive desde hace 35 a\u00f1os en Costa Rica, a donde se mudo a este pa\u00eds \u00a0para participar en la fundaci\u00f3n de la Cooperativa Longo Mai CR; \u00a0tambi\u00e9n es &hellip; <a href=\"http:\/\/www.vida-nueva.co.cr\/es\/contacto\/contactos\/\">Continue reading <span class=\"meta-nav\">&rarr;<\/span><\/a><\/p>\n","protected":false},"author":1,"featured_media":0,"parent":22,"menu_order":0,"comment_status":"open","ping_status":"open","template":"","meta":{"footnotes":""},"_links":{"self":[{"href":"http:\/\/www.vida-nueva.co.cr\/es\/wp-json\/wp\/v2\/pages\/47"}],"collection":[{"href":"http:\/\/www.vida-nueva.co.cr\/es\/wp-json\/wp\/v2\/pages"}],"about":[{"href":"http:\/\/www.vida-nueva.co.cr\/es\/wp-json\/wp\/v2\/types\/page"}],"author":[{"embeddable":true,"href":"http:\/\/www.vida-nueva.co.cr\/es\/wp-json\/wp\/v2\/users\/1"}],"replies":[{"embeddable":true,"href":"http:\/\/www.vida-nueva.co.cr\/es\/wp-json\/wp\/v2\/comments?post=47"}],"version-history":[{"count":15,"href":"http:\/\/www.vida-nueva.co.cr\/es\/wp-json\/wp\/v2\/pages\/47\/revisions"}],"predecessor-version":[{"id":378,"href":"http:\/\/www.vida-nueva.co.cr\/es\/wp-json\/wp\/v2\/pages\/47\/revisions\/378"}],"up":[{"embeddable":true,"href":"http:\/\/www.vida-nueva.co.cr\/es\/wp-json\/wp\/v2\/pages\/22"}],"wp:attachment":[{"href":"http:\/\/www.vida-nueva.co.cr\/es\/wp-json\/wp\/v2\/media?parent=47"}],"curies":[{"name":"wp","href":"https:\/\/api.w.org\/{rel}","templated":true}]}}