{"id":54,"date":"2011-05-20T13:32:57","date_gmt":"2011-05-20T19:32:57","guid":{"rendered":"http:\/\/www.vida-nueva.co.cr\/es\/?page_id=54"},"modified":"2015-05-08T22:16:22","modified_gmt":"2015-05-09T04:16:22","slug":"circo-fantazztico","status":"publish","type":"page","link":"http:\/\/www.vida-nueva.co.cr\/es\/proyectos\/circo-fantazztico\/","title":{"rendered":"Circo FantazzTico"},"content":{"rendered":"<p><strong><img decoding=\"async\" loading=\"lazy\" class=\"alignright wp-image-246 size-medium\" src=\"http:\/\/www.vida-nueva.co.cr\/es\/files\/2011\/05\/DSC01948-300x199.jpg\" alt=\"DSC01948\" width=\"300\" height=\"199\" srcset=\"http:\/\/www.vida-nueva.co.cr\/es\/files\/2011\/05\/DSC01948-300x199.jpg 300w, http:\/\/www.vida-nueva.co.cr\/es\/files\/2011\/05\/DSC01948-1024x682.jpg 1024w, http:\/\/www.vida-nueva.co.cr\/es\/files\/2011\/05\/DSC01948.jpg 1280w\" sizes=\"(max-width: 300px) 100vw, 300px\" \/>Circo Fantazztico es un proyecto dedicado al arte circense como medio de transformaci\u00f3n personal y social<\/strong>. Se enfoca especialmente en los ni\u00f1os(as) y j\u00f3venes de los sectores m\u00e1s vulnerables de\u00a0 San Isidro de El General, en el sur de Costa Rica, Para ofrecerles un positivo aprovechamiento de su tiempo libre orientado hacia un mejor futuro. Con este objetivo la Asociaci\u00f3n Vida Nueva cre\u00f3 el proyecto \u201cCirco FantazzTico\u201d.<\/p>\n<p>La idea del proyecto es crear <strong>un lugar seguro para los ni\u00f1os, ni\u00f1as y j\u00f3venes que est\u00e1n en una situaci\u00f3n social vulnerable<\/strong> brindando oportunidades iguales de acceso a espacios de educaci\u00f3n a trav\u00e9s del arte, el juego y la comunicaci\u00f3n. Al mismo tiempo este espacio busca potenciar el desarrollo de las capacidades de creaci\u00f3n, autonom\u00eda de los j\u00f3venes a trav\u00e9s del arte y la adquisici\u00f3n de competencias sociales.<\/p>\n<div id=\"attachment_267\" style=\"width: 310px\" class=\"wp-caption alignleft\"><img aria-describedby=\"caption-attachment-267\" decoding=\"async\" loading=\"lazy\" class=\"wp-image-267 size-medium\" src=\"http:\/\/www.vida-nueva.co.cr\/es\/files\/2011\/05\/4-300x225.jpg\" alt=\"4\" width=\"300\" height=\"225\" srcset=\"http:\/\/www.vida-nueva.co.cr\/es\/files\/2011\/05\/4-300x225.jpg 300w, http:\/\/www.vida-nueva.co.cr\/es\/files\/2011\/05\/4.jpg 320w\" sizes=\"(max-width: 300px) 100vw, 300px\" \/><p id=\"caption-attachment-267\" class=\"wp-caption-text\">Foto: Christian J\u00e4ggi<\/p><\/div>\n<p>Las actividades circenses ofrecidas, desde malabares hasta acrobacia, promueven la confianza en s\u00ed mismo y en el grupo y transmiten la conciencia de responsabilidad y trabajo en equipo. <strong>Lo m\u00e1s importante no es conseguir el \u00e9xito individual, sino, se trata de encontrar y desarrollar las diferentes capacidades, fuerzas y talentos de cada integrante<\/strong> para aprovecharlos y de este modo llegar al \u00e9xito en equipo. Una presentaci\u00f3n que es preparada y lograda en equipo, mejora la autoestima de cada quien y el sentimiento grupal.<\/p>\n<hr \/>\n<blockquote>\n<p style=\"text-align: center\">El circo como concepto es un espacio libre, m\u00e1gico, creativo, donde el desaf\u00edo y la perseverancia culminan con logros y resultados que el ni\u00f1o y su entorno son capaces de vivenciar.<\/p>\n<hr \/>\n<p>&nbsp;<\/p>\n<p>&nbsp;<\/p><\/blockquote>\n<blockquote>\n<hr \/>\n<\/blockquote>\n<p>&nbsp;<\/p>\n","protected":false},"excerpt":{"rendered":"<p>Circo Fantazztico es un proyecto dedicado al arte circense como medio de transformaci\u00f3n personal y social. Se enfoca especialmente en los ni\u00f1os(as) y j\u00f3venes de los sectores m\u00e1s vulnerables de\u00a0 San Isidro de El General, en el sur de Costa &hellip; <a href=\"http:\/\/www.vida-nueva.co.cr\/es\/proyectos\/circo-fantazztico\/\">Continue reading <span class=\"meta-nav\">&rarr;<\/span><\/a><\/p>\n","protected":false},"author":1,"featured_media":0,"parent":15,"menu_order":0,"comment_status":"open","ping_status":"open","template":"","meta":{"footnotes":""},"_links":{"self":[{"href":"http:\/\/www.vida-nueva.co.cr\/es\/wp-json\/wp\/v2\/pages\/54"}],"collection":[{"href":"http:\/\/www.vida-nueva.co.cr\/es\/wp-json\/wp\/v2\/pages"}],"about":[{"href":"http:\/\/www.vida-nueva.co.cr\/es\/wp-json\/wp\/v2\/types\/page"}],"author":[{"embeddable":true,"href":"http:\/\/www.vida-nueva.co.cr\/es\/wp-json\/wp\/v2\/users\/1"}],"replies":[{"embeddable":true,"href":"http:\/\/www.vida-nueva.co.cr\/es\/wp-json\/wp\/v2\/comments?post=54"}],"version-history":[{"count":13,"href":"http:\/\/www.vida-nueva.co.cr\/es\/wp-json\/wp\/v2\/pages\/54\/revisions"}],"predecessor-version":[{"id":341,"href":"http:\/\/www.vida-nueva.co.cr\/es\/wp-json\/wp\/v2\/pages\/54\/revisions\/341"}],"up":[{"embeddable":true,"href":"http:\/\/www.vida-nueva.co.cr\/es\/wp-json\/wp\/v2\/pages\/15"}],"wp:attachment":[{"href":"http:\/\/www.vida-nueva.co.cr\/es\/wp-json\/wp\/v2\/media?parent=54"}],"curies":[{"name":"wp","href":"https:\/\/api.w.org\/{rel}","templated":true}]}}