{"id":65,"date":"2011-05-26T14:54:45","date_gmt":"2011-05-26T20:54:45","guid":{"rendered":"http:\/\/www.vida-nueva.co.cr\/es\/?page_id=65"},"modified":"2015-04-28T08:40:49","modified_gmt":"2015-04-28T14:40:49","slug":"historia","status":"publish","type":"page","link":"http:\/\/www.vida-nueva.co.cr\/es\/proyectos\/circo-fantazztico\/historia\/","title":{"rendered":"Historia"},"content":{"rendered":"<p>En el a\u00f1o 2002 se dio inicio a lo que hoy es Circo Fantazztico, el austriaco Gerhard Puercher, quien antes hab\u00eda participado en un circo para j\u00f3venes en su pa\u00eds, comenz\u00f3 a ense\u00f1ar a los ni\u00f1os y j\u00f3venes bases de las disciplinas (malabares, acrobacia y teatro). Creando y dejando mucha motivaci\u00f3n a estos ni\u00f1os y a los voluntarios siguientes para continuar con esta propuesta.<\/p>\n<p><img decoding=\"async\" loading=\"lazy\" class=\"alignleft wp-image-257 size-medium\" src=\"http:\/\/www.vida-nueva.co.cr\/es\/files\/2011\/05\/DSC03461-300x200.jpg\" alt=\"DSC03461\" width=\"300\" height=\"200\" srcset=\"http:\/\/www.vida-nueva.co.cr\/es\/files\/2011\/05\/DSC03461-300x200.jpg 300w, http:\/\/www.vida-nueva.co.cr\/es\/files\/2011\/05\/DSC03461.jpg 320w\" sizes=\"(max-width: 300px) 100vw, 300px\" \/>El circo fue una actividad que causo impacto en los ni\u00f1os(as) de la comunidad, el proyecto fue tomando fuerza y desarroll\u00e1ndose como una actividad s\u00f3lida, Se crearon diferentes grupos, se prepararon presentaciones, y se celebraron los primeros \u00e9xitos.<br \/>\nEn el a\u00f1o 2006 se form\u00f3 un grupo con los ni\u00f1os(as) m\u00e1s avanzados y motivados, para aumentar las actividades de entrenamiento con el fin de potenciar sus habilidades t\u00e9cnicas y a su vez participar en la creaci\u00f3n de un espect\u00e1culo el cual se pretend\u00eda presentar en diferentes festivales, escuelas o centros comunales.<\/p>\n<p>D<img decoding=\"async\" loading=\"lazy\" class=\"alignright wp-image-258 \" src=\"http:\/\/www.vida-nueva.co.cr\/es\/files\/2011\/05\/DSC04733-300x200.jpg\" alt=\"DSC04733\" width=\"245\" height=\"163\" srcset=\"http:\/\/www.vida-nueva.co.cr\/es\/files\/2011\/05\/DSC04733-300x200.jpg 300w, http:\/\/www.vida-nueva.co.cr\/es\/files\/2011\/05\/DSC04733.jpg 320w\" sizes=\"(max-width: 245px) 100vw, 245px\" \/>e ah\u00ed naci\u00f3 la idea de realizar una gira art\u00edstica por Europa, aunque fue un plan muy ambicioso, ten\u00eda sentido ya que en su mayor\u00eda los voluntarios que trabajaban en el circo proven\u00edan de ah\u00ed. Este plan se hizo realidad con el apoyo de toda la red de amigos y voluntarios del proyecto, En julio de 2007, durante tres semanas el espect\u00e1culo \u00a8<em>que ves cuando cierras los ojos<\/em><strong>\u00a8<\/strong> se present\u00f3 por varios espacios de Austria, Alemania, Suiza y Francia y fue un gran suceso.<\/p>\n<p>Este fue el inicio de un camino lleno de \u00e9xitos, aventuras y mucho aprendizaje para todos los participantes del proyecto:<\/p>\n<p><strong>\u00c9xitos<\/strong><\/p>\n<p>El grupo realiza todo el a\u00f1o presentaciones a nivel nacional en festivales, escuelas y colegios, eventos oficiales y privados, tambi\u00e9n a nivel internacional.<\/p>\n<ul>\n<li>Gira por Centroam\u00e9rica y M\u00e9xico.<\/li>\n<\/ul>\n<p># &#8220;<em><strong>Escarabajo dorado<\/strong><\/em>&#8220;, Octubre-Diciembre 2008<\/p>\n<ul>\n<li>Gira a Europa (Austria, Alemania, Suiza, Francia, Espa\u00f1a, Italia, B\u00e9lgica)<\/li>\n<\/ul>\n<p># \u00a8<strong><em>Que ves cuando cierras los ojos<\/em><\/strong>\u00a8, Mayo \u2013 Junio 2007<\/p>\n<p># \u00a8<strong><em>Circolazzion<\/em><\/strong>\u00a8, Junio- Agosto 2009<\/p>\n<p># \u00a8<strong><em>Libertarte<\/em><\/strong>\u00a8, Junio \u2013 Agosto 2010<\/p>\n<p># \u00a8<strong><em>Ixmucane<\/em><\/strong>\u00a8. Junio \u2013 Agosto 2011<\/p>\n<p># \u00a8<strong><em>Calufa<\/em><\/strong>\u00a8, Sept \u2013 Octubre 2013<\/p>\n<p>#\u00a0 \u00a8<em><strong>Odisea al nuevo Mundo<\/strong><\/em>\u00a8 Sept \u2013 Octubre 2014<\/p>\n<p># \u00a8<strong>Mandinga<\/strong>\u00a8 Sept- Octubre 2015<\/p>\n<p>&nbsp;<\/p>\n<ul>\n<li>Festivales:<\/li>\n<\/ul>\n<p># Festival Rodara, Puebla, MEX, 2008<\/p>\n<p># FNA (Festival nacional de las artes), San Isidro de P\u00e9rez Zeled\u00f3n, CR, 2009<\/p>\n<p># EJC (Convenci\u00f3n europea de Malabares) Espa\u00f1a. 2009<\/p>\n<p># EJC (Convenci\u00f3n europea de Malabares) Finlandia, 2010<\/p>\n<p># FNA (Festival nacional de las artes), Siquirres y Turrialba, CR 2011<\/p>\n<p># Berrinche Ambiental, Granada, Nicaragua 2011<\/p>\n<p># EJC (Convenci\u00f3n europea de Malabares) Alemania, 2011<\/p>\n<p># FIA (Festival internacional de las artes), CR 2012<\/p>\n<p># Berrinche Ambiental, Granada, Nicaragua 2012<\/p>\n<p># FNA (Festival nacional de las artes), Santa Ana y Ciudad Colon, CR, 2013<\/p>\n<p># Berrinche Ambiental, Granada, Nicaragua 2013<\/p>\n<p># FIA (Festival internacional de las artes), CR, 2014<\/p>\n<p># Festival Brouhaha, Liverpool, Inglaterra, 2014<\/p>\n<p># Berrinche ambiental, Granada, Nicaragua 2015<\/p>\n<p>&#8230;<\/p>\n","protected":false},"excerpt":{"rendered":"<p>En el a\u00f1o 2002 se dio inicio a lo que hoy es Circo Fantazztico, el austriaco Gerhard Puercher, quien antes hab\u00eda participado en un circo para j\u00f3venes en su pa\u00eds, comenz\u00f3 a ense\u00f1ar a los ni\u00f1os y j\u00f3venes bases de &hellip; <a href=\"http:\/\/www.vida-nueva.co.cr\/es\/proyectos\/circo-fantazztico\/historia\/\">Continue reading <span class=\"meta-nav\">&rarr;<\/span><\/a><\/p>\n","protected":false},"author":2,"featured_media":0,"parent":54,"menu_order":2,"comment_status":"open","ping_status":"open","template":"","meta":{"footnotes":""},"_links":{"self":[{"href":"http:\/\/www.vida-nueva.co.cr\/es\/wp-json\/wp\/v2\/pages\/65"}],"collection":[{"href":"http:\/\/www.vida-nueva.co.cr\/es\/wp-json\/wp\/v2\/pages"}],"about":[{"href":"http:\/\/www.vida-nueva.co.cr\/es\/wp-json\/wp\/v2\/types\/page"}],"author":[{"embeddable":true,"href":"http:\/\/www.vida-nueva.co.cr\/es\/wp-json\/wp\/v2\/users\/2"}],"replies":[{"embeddable":true,"href":"http:\/\/www.vida-nueva.co.cr\/es\/wp-json\/wp\/v2\/comments?post=65"}],"version-history":[{"count":8,"href":"http:\/\/www.vida-nueva.co.cr\/es\/wp-json\/wp\/v2\/pages\/65\/revisions"}],"predecessor-version":[{"id":264,"href":"http:\/\/www.vida-nueva.co.cr\/es\/wp-json\/wp\/v2\/pages\/65\/revisions\/264"}],"up":[{"embeddable":true,"href":"http:\/\/www.vida-nueva.co.cr\/es\/wp-json\/wp\/v2\/pages\/54"}],"wp:attachment":[{"href":"http:\/\/www.vida-nueva.co.cr\/es\/wp-json\/wp\/v2\/media?parent=65"}],"curies":[{"name":"wp","href":"https:\/\/api.w.org\/{rel}","templated":true}]}}