{"id":73,"date":"2011-05-26T15:00:00","date_gmt":"2011-05-26T21:00:00","guid":{"rendered":"http:\/\/www.vida-nueva.co.cr\/es\/?page_id=73"},"modified":"2015-05-14T13:31:41","modified_gmt":"2015-05-14T19:31:41","slug":"la-casita","status":"publish","type":"page","link":"http:\/\/www.vida-nueva.co.cr\/es\/proyectos\/la-casita\/","title":{"rendered":"La Casita"},"content":{"rendered":"<p><strong>\u201cLa casita\u201d es un lugar de interacci\u00f3n creativa y cultural, un espacio para talleres de deporte, idiomas, m\u00fasica y artesan\u00edas para los habitantes de diferentes partes de San Isidro del General en el sur de Costa Rica.<\/strong><\/p>\n<p><img decoding=\"async\" loading=\"lazy\" class=\"alignright wp-image-288 size-medium\" src=\"http:\/\/www.vida-nueva.co.cr\/es\/files\/2011\/05\/IMG_0415-300x225.jpg\" alt=\"IMG_0415\" width=\"300\" height=\"225\" srcset=\"http:\/\/www.vida-nueva.co.cr\/es\/files\/2011\/05\/IMG_0415-300x225.jpg 300w, http:\/\/www.vida-nueva.co.cr\/es\/files\/2011\/05\/IMG_0415.jpg 320w\" sizes=\"(max-width: 300px) 100vw, 300px\" \/>El proyecto inicio en el a\u00f1o 2003 gracias a Nicole Windlin, una estudiante de trabajo social de Suiza, con la intenci\u00f3n de abrir un espacio para diversas actividades recreativas en los barrios m\u00e1s afectadas de dificultades y riesgos sociales. Hoy d\u00eda \u201cla casita\u201d est\u00e1 situada en Baidambu, donde la Asociaci\u00f3n Vida Nueva construy\u00f3 un edificio en el a\u00f1o 2012.<\/p>\n<p>\u201cLa casita\u201d es <strong>un lugar donde ni\u00f1os y j\u00f3venes est\u00e1n animados de una madera creativa de encontrar y desarrollar sus capacidades<\/strong>. Adem\u00e1s la casita ofrece la posibilidad de entrar en contacto con amigos en un contexto diferente y seguro para desarrollar sus relaciones sociales. El programa incluye actividades como artesan\u00edas, pintura, dibujo, juegos en grupo, clases de ingl\u00e9s, actividades en el campo, entrenamientos de circo, noches de cine, cocina y mucho m\u00e1s. Aparte de estas actividades regulares se realizan tambi\u00e9n actividades especiales como festivales o paseos a la playa. Hay muchos proyectos previstos para los diferentes grupos de edades, as\u00ed como talleres de danza, yoga, intercambio de recetas y la formaci\u00f3n de un grupo de mujeres.<\/p>\n<p><strong>Las actividades en la casita est\u00e1n sobre todo realizados por voluntarios procedentes de todos los partes del mundo<\/strong>. Compartiendo sus propias ideas y su motivaci\u00f3n, ellos tienen una gran influencia en cada proceso conectado con el proyecto. Eso significa para los voluntarios tomar mucha responsabilidad para la organizaci\u00f3n y la realizaci\u00f3n de las actividades en la casita. Usando una mente abierta, creatividad, ideas nuevas y el inter\u00e9s de trabajar con ni\u00f1os, los voluntarios tienen la posibilidad de hacer un cambio. <a title=\"Sobre voluntariados\" href=\"http:\/\/www.vida-nueva.co.cr\/es\/sobre-voluntariados\/\">M\u00e1s informaci\u00f3n aqui!<\/a><\/p>\n<p><strong>El proyecto \u201cla casita\u201d ha sido apoyado por varios patrocinadores<\/strong> y recibe con gusto todos los aportes financieras adicionales para mantener las actividades con la meta de crear un impacto social importante en la actualidad. <a title=\"Patrocinadores\" href=\"http:\/\/www.vida-nueva.co.cr\/es\/apoyar\/patrocinadores\/\">M\u00e1s informaci\u00f3n aqui.<\/a><\/p>\n<p>Algunas fotos de \u201cla casita\u201d&#8230;<\/p>\n<p><img decoding=\"async\" loading=\"lazy\" class=\"alignnone wp-image-347 size-medium\" src=\"http:\/\/www.vida-nueva.co.cr\/es\/files\/2011\/05\/IMG_1622-300x225.jpg\" alt=\"IMG_1622\" width=\"300\" height=\"225\" srcset=\"http:\/\/www.vida-nueva.co.cr\/es\/files\/2011\/05\/IMG_1622-300x225.jpg 300w, http:\/\/www.vida-nueva.co.cr\/es\/files\/2011\/05\/IMG_1622-1024x768.jpg 1024w\" sizes=\"(max-width: 300px) 100vw, 300px\" \/> <img decoding=\"async\" loading=\"lazy\" class=\"alignnone wp-image-348 size-medium\" src=\"http:\/\/www.vida-nueva.co.cr\/es\/files\/2011\/05\/IMG_1708-300x225.jpg\" alt=\"IMG_1708\" width=\"300\" height=\"225\" srcset=\"http:\/\/www.vida-nueva.co.cr\/es\/files\/2011\/05\/IMG_1708-300x225.jpg 300w, http:\/\/www.vida-nueva.co.cr\/es\/files\/2011\/05\/IMG_1708-1024x768.jpg 1024w\" sizes=\"(max-width: 300px) 100vw, 300px\" \/> <img decoding=\"async\" loading=\"lazy\" class=\"alignnone wp-image-349 size-medium\" src=\"http:\/\/www.vida-nueva.co.cr\/es\/files\/2011\/05\/IMG_1725-300x225.jpg\" alt=\"IMG_1725\" width=\"300\" height=\"225\" srcset=\"http:\/\/www.vida-nueva.co.cr\/es\/files\/2011\/05\/IMG_1725-300x225.jpg 300w, http:\/\/www.vida-nueva.co.cr\/es\/files\/2011\/05\/IMG_1725-1024x768.jpg 1024w\" sizes=\"(max-width: 300px) 100vw, 300px\" \/> <img decoding=\"async\" loading=\"lazy\" class=\"alignnone wp-image-350 size-medium\" src=\"http:\/\/www.vida-nueva.co.cr\/es\/files\/2011\/05\/IMG_1736-300x225.jpg\" alt=\"IMG_1736\" width=\"300\" height=\"225\" srcset=\"http:\/\/www.vida-nueva.co.cr\/es\/files\/2011\/05\/IMG_1736-300x225.jpg 300w, http:\/\/www.vida-nueva.co.cr\/es\/files\/2011\/05\/IMG_1736-1024x768.jpg 1024w\" sizes=\"(max-width: 300px) 100vw, 300px\" \/> <img decoding=\"async\" loading=\"lazy\" class=\"alignnone wp-image-351 size-medium\" src=\"http:\/\/www.vida-nueva.co.cr\/es\/files\/2011\/05\/IMG_1749-300x225.jpg\" alt=\"IMG_1749\" width=\"300\" height=\"225\" srcset=\"http:\/\/www.vida-nueva.co.cr\/es\/files\/2011\/05\/IMG_1749-300x225.jpg 300w, http:\/\/www.vida-nueva.co.cr\/es\/files\/2011\/05\/IMG_1749-1024x768.jpg 1024w\" sizes=\"(max-width: 300px) 100vw, 300px\" \/> <img decoding=\"async\" loading=\"lazy\" class=\"alignnone wp-image-352 size-medium\" src=\"http:\/\/www.vida-nueva.co.cr\/es\/files\/2011\/05\/IMG_1759-300x225.jpg\" alt=\"IMG_1759\" width=\"300\" height=\"225\" srcset=\"http:\/\/www.vida-nueva.co.cr\/es\/files\/2011\/05\/IMG_1759-300x225.jpg 300w, http:\/\/www.vida-nueva.co.cr\/es\/files\/2011\/05\/IMG_1759-1024x768.jpg 1024w\" sizes=\"(max-width: 300px) 100vw, 300px\" \/><\/p>\n","protected":false},"excerpt":{"rendered":"<p>\u201cLa casita\u201d es un lugar de interacci\u00f3n creativa y cultural, un espacio para talleres de deporte, idiomas, m\u00fasica y artesan\u00edas para los habitantes de diferentes partes de San Isidro del General en el sur de Costa Rica. El proyecto inicio &hellip; <a href=\"http:\/\/www.vida-nueva.co.cr\/es\/proyectos\/la-casita\/\">Continue reading <span class=\"meta-nav\">&rarr;<\/span><\/a><\/p>\n","protected":false},"author":2,"featured_media":0,"parent":15,"menu_order":1,"comment_status":"open","ping_status":"open","template":"","meta":{"footnotes":""},"_links":{"self":[{"href":"http:\/\/www.vida-nueva.co.cr\/es\/wp-json\/wp\/v2\/pages\/73"}],"collection":[{"href":"http:\/\/www.vida-nueva.co.cr\/es\/wp-json\/wp\/v2\/pages"}],"about":[{"href":"http:\/\/www.vida-nueva.co.cr\/es\/wp-json\/wp\/v2\/types\/page"}],"author":[{"embeddable":true,"href":"http:\/\/www.vida-nueva.co.cr\/es\/wp-json\/wp\/v2\/users\/2"}],"replies":[{"embeddable":true,"href":"http:\/\/www.vida-nueva.co.cr\/es\/wp-json\/wp\/v2\/comments?post=73"}],"version-history":[{"count":8,"href":"http:\/\/www.vida-nueva.co.cr\/es\/wp-json\/wp\/v2\/pages\/73\/revisions"}],"predecessor-version":[{"id":355,"href":"http:\/\/www.vida-nueva.co.cr\/es\/wp-json\/wp\/v2\/pages\/73\/revisions\/355"}],"up":[{"embeddable":true,"href":"http:\/\/www.vida-nueva.co.cr\/es\/wp-json\/wp\/v2\/pages\/15"}],"wp:attachment":[{"href":"http:\/\/www.vida-nueva.co.cr\/es\/wp-json\/wp\/v2\/media?parent=73"}],"curies":[{"name":"wp","href":"https:\/\/api.w.org\/{rel}","templated":true}]}}