{"id":99,"date":"2011-05-30T12:18:50","date_gmt":"2011-05-30T18:18:50","guid":{"rendered":"http:\/\/www.vida-nueva.co.cr\/es\/?page_id=99"},"modified":"2015-04-28T08:53:00","modified_gmt":"2015-04-28T14:53:00","slug":"situacioninicial","status":"publish","type":"page","link":"http:\/\/www.vida-nueva.co.cr\/es\/de-vida-nueva\/situacioninicial\/","title":{"rendered":"Situaci\u00f3n inicial"},"content":{"rendered":"<p><img decoding=\"async\" loading=\"lazy\" class=\"alignright wp-image-275 size-medium\" src=\"http:\/\/www.vida-nueva.co.cr\/es\/files\/2011\/05\/10808_costa_rica_san_isidro_parque_de_perez_zeledon-300x224.jpg\" alt=\"10808_costa_rica_san_isidro_parque_de_perez_zeledon\" width=\"300\" height=\"224\" srcset=\"http:\/\/www.vida-nueva.co.cr\/es\/files\/2011\/05\/10808_costa_rica_san_isidro_parque_de_perez_zeledon-300x224.jpg 300w, http:\/\/www.vida-nueva.co.cr\/es\/files\/2011\/05\/10808_costa_rica_san_isidro_parque_de_perez_zeledon.jpg 600w\" sizes=\"(max-width: 300px) 100vw, 300px\" \/>San Isidro de El General, P\u00e9rez Zeled\u00f3n, es una ciudad de 45 000 habitantes situada en el sur de Costa-Rica, al pie del Cerro Chirrip\u00f3 (la montana la m\u00e1s alta del CoPerez Zeledonsta Rica). Esta ciudad es parte de la regi\u00f3n Brunca, que tiene junto a la regi\u00f3n Chorotega el \u00edndice m\u00e1s alto de pobreza del pa\u00eds. Como muchas ciudades en las provincias, San Isidro estuvo impactado por cambios econ\u00f3micos de los a\u00f1os 80.<\/p>\n<p>Estos cambios se daban en las regiones rurales con la instalaci\u00f3n de grandes empresas agrarias que fueron responsables de que los campesinos vendieran sus tierras y se fueran concentrando m\u00e1s y m\u00e1s en los barrios marginales alrededor de San Isidro. En consecuencia, los problemas sociales como la violencia dom\u00e9stica y el uso de drogas se intensificaron; la deserci\u00f3n escolar subi\u00f3 a causa de la falta de perspectiva de los j\u00f3venes.<\/p>\n<p>La falta de infraestructura tan importante y las condiciones socioecon\u00f3micas dif\u00edciles en esos barrios, no ofrec\u00edan ninguna oportunidad de emplear el tiempo libre de una forma creativa. Algunos de estos barrios son Cocor\u00ed, Tierra Prometida, Pavones y Los Chiles que se caracterizan por esta problem\u00e1tica<\/p>\n","protected":false},"excerpt":{"rendered":"<p>San Isidro de El General, P\u00e9rez Zeled\u00f3n, es una ciudad de 45 000 habitantes situada en el sur de Costa-Rica, al pie del Cerro Chirrip\u00f3 (la montana la m\u00e1s alta del CoPerez Zeledonsta Rica). Esta ciudad es parte de la &hellip; <a href=\"http:\/\/www.vida-nueva.co.cr\/es\/de-vida-nueva\/situacioninicial\/\">Continue reading <span class=\"meta-nav\">&rarr;<\/span><\/a><\/p>\n","protected":false},"author":2,"featured_media":0,"parent":20,"menu_order":0,"comment_status":"open","ping_status":"open","template":"","meta":{"footnotes":""},"_links":{"self":[{"href":"http:\/\/www.vida-nueva.co.cr\/es\/wp-json\/wp\/v2\/pages\/99"}],"collection":[{"href":"http:\/\/www.vida-nueva.co.cr\/es\/wp-json\/wp\/v2\/pages"}],"about":[{"href":"http:\/\/www.vida-nueva.co.cr\/es\/wp-json\/wp\/v2\/types\/page"}],"author":[{"embeddable":true,"href":"http:\/\/www.vida-nueva.co.cr\/es\/wp-json\/wp\/v2\/users\/2"}],"replies":[{"embeddable":true,"href":"http:\/\/www.vida-nueva.co.cr\/es\/wp-json\/wp\/v2\/comments?post=99"}],"version-history":[{"count":4,"href":"http:\/\/www.vida-nueva.co.cr\/es\/wp-json\/wp\/v2\/pages\/99\/revisions"}],"predecessor-version":[{"id":277,"href":"http:\/\/www.vida-nueva.co.cr\/es\/wp-json\/wp\/v2\/pages\/99\/revisions\/277"}],"up":[{"embeddable":true,"href":"http:\/\/www.vida-nueva.co.cr\/es\/wp-json\/wp\/v2\/pages\/20"}],"wp:attachment":[{"href":"http:\/\/www.vida-nueva.co.cr\/es\/wp-json\/wp\/v2\/media?parent=99"}],"curies":[{"name":"wp","href":"https:\/\/api.w.org\/{rel}","templated":true}]}}